{"id":1348,"date":"2024-06-03T16:40:13","date_gmt":"2024-06-03T14:40:13","guid":{"rendered":"https:\/\/defisatsolar.be\/?page_id=1348"},"modified":"2024-10-04T09:28:03","modified_gmt":"2024-10-04T07:28:03","slug":"praktische-informatie","status":"publish","type":"page","link":"https:\/\/defisatsolar.be\/fr\/praktische-informatie\/","title":{"rendered":"Informations utiles"},"content":{"rendered":"<div style=\"height:100px\" aria-hidden=\"true\" class=\"wp-block-spacer\"><\/div>\n\n\n\n<div class=\"wp-block-query ticss-fda85bfc is-layout-flow wp-block-query-is-layout-flow\"><ul class=\"wp-block-post-template is-layout-flow wp-block-post-template-is-layout-flow\"><li class=\"wp-block-post post-1452 informations_utiles type-informations_utiles status-publish has-post-thumbnail hentry\">\n\n<div class=\"wp-block-columns are-vertically-aligned-center is-layout-flex wp-container-core-columns-is-layout-9d6595d7 wp-block-columns-is-layout-flex\">\n<div class=\"wp-block-column is-vertically-aligned-center is-layout-flow wp-block-column-is-layout-flow\" style=\"flex-basis:30%\">\n<div class=\"wp-block-group ticss-cc694225 is-layout-flow wp-block-group-is-layout-flow\"><figure style=\"aspect-ratio:auto;width:100%;height:250px;\" class=\"alignfull wp-block-post-featured-image\"><a href=\"https:\/\/defisatsolar.be\/fr\/informations_utiles\/een-nieuwe-kans-bieden-om-nog-meer-uit-uw-zonne-installatie-te-halen\/\" target=\"_self\"  style=\"height:250px\"><img loading=\"lazy\" decoding=\"async\" width=\"2000\" height=\"2000\" src=\"https:\/\/defisatsolar.be\/wp-content\/uploads\/2024\/04\/Plan-de-travail-1.png\" class=\"attachment-post-thumbnail size-post-thumbnail wp-post-image\" alt=\"Een nieuwe kans bieden om nog meer uit uw zonne-installatie te halen\" style=\"width:100%;height:100%;object-fit:contain;\" srcset=\"https:\/\/defisatsolar.be\/wp-content\/uploads\/2024\/04\/Plan-de-travail-1.png 2000w, https:\/\/defisatsolar.be\/wp-content\/uploads\/2024\/04\/Plan-de-travail-1-1280x1280.png 1280w, https:\/\/defisatsolar.be\/wp-content\/uploads\/2024\/04\/Plan-de-travail-1-980x980.png 980w, https:\/\/defisatsolar.be\/wp-content\/uploads\/2024\/04\/Plan-de-travail-1-480x480.png 480w\" sizes=\"(min-width: 0px) and (max-width: 480px) 480px, (min-width: 481px) and (max-width: 980px) 980px, (min-width: 981px) and (max-width: 1280px) 1280px, (min-width: 1281px) 2000px, 100vw\" \/><\/a><\/figure><\/div>\n<\/div>\n\n\n\n<div class=\"wp-block-column is-vertically-aligned-center is-layout-flow wp-block-column-is-layout-flow\" style=\"flex-basis:70%\"><h2 style=\"font-size:21px;\" class=\"has-text-align-left ticss-9f8a8df8 wp-block-post-title\"><a href=\"https:\/\/defisatsolar.be\/fr\/informations_utiles\/een-nieuwe-kans-bieden-om-nog-meer-uit-uw-zonne-installatie-te-halen\/\" target=\"_self\" >Une nouvelle opportunit\u00e9 de tirer encore plus profit de votre installation solaire<\/a><\/h2>\n\n<p>Een nieuwe kans bieden om nog meer uit uw zonne-installatie te halenRealCurrentPylon TechBYDLGAl 18 jaar zetten wij ons in om u duurzame en rendabele oplossingen te bieden om uw elektriciteitsverbruik te verminderen door de installatie van fotovolta\u00efsche panelen. Vandaag willen we u een nieuwe kans bieden om nog meer uit uw zonne-installatie te halen: DE<\/p>\n<\/div>\n<\/div>\n\n\n\n<div style=\"height:45px\" aria-hidden=\"true\" class=\"wp-block-spacer\"><\/div>\n\n<\/li><li class=\"wp-block-post post-1425 informations_utiles type-informations_utiles status-publish has-post-thumbnail hentry\">\n\n<div class=\"wp-block-columns are-vertically-aligned-center is-layout-flex wp-container-core-columns-is-layout-9d6595d7 wp-block-columns-is-layout-flex\">\n<div class=\"wp-block-column is-vertically-aligned-center is-layout-flow wp-block-column-is-layout-flow\" style=\"flex-basis:30%\">\n<div class=\"wp-block-group ticss-cc694225 is-layout-flow wp-block-group-is-layout-flow\"><figure style=\"aspect-ratio:auto;width:100%;height:250px;\" class=\"alignfull wp-block-post-featured-image\"><a href=\"https:\/\/defisatsolar.be\/fr\/informations_utiles\/76-zonnepanelen-solaredge-10k-330-overdimensionering\/\" target=\"_self\"  style=\"height:250px\"><img loading=\"lazy\" decoding=\"async\" width=\"1783\" height=\"1275\" src=\"https:\/\/defisatsolar.be\/wp-content\/uploads\/2024\/07\/Pub-SolarEdge-330-recto.png\" class=\"attachment-post-thumbnail size-post-thumbnail wp-post-image\" alt=\"76 zonnepanelen + Solaredge 10K 330% overdimensionering\" style=\"width:100%;height:100%;object-fit:contain;\" srcset=\"https:\/\/defisatsolar.be\/wp-content\/uploads\/2024\/07\/Pub-SolarEdge-330-recto.png 1783w, https:\/\/defisatsolar.be\/wp-content\/uploads\/2024\/07\/Pub-SolarEdge-330-recto-1280x915.png 1280w, https:\/\/defisatsolar.be\/wp-content\/uploads\/2024\/07\/Pub-SolarEdge-330-recto-980x701.png 980w, https:\/\/defisatsolar.be\/wp-content\/uploads\/2024\/07\/Pub-SolarEdge-330-recto-480x343.png 480w\" sizes=\"(min-width: 0px) and (max-width: 480px) 480px, (min-width: 481px) and (max-width: 980px) 980px, (min-width: 981px) and (max-width: 1280px) 1280px, (min-width: 1281px) 1783px, 100vw\" \/><\/a><\/figure><\/div>\n<\/div>\n\n\n\n<div class=\"wp-block-column is-vertically-aligned-center is-layout-flow wp-block-column-is-layout-flow\" style=\"flex-basis:70%\"><h2 style=\"font-size:21px;\" class=\"has-text-align-left ticss-9f8a8df8 wp-block-post-title\"><a href=\"https:\/\/defisatsolar.be\/fr\/informations_utiles\/76-zonnepanelen-solaredge-10k-330-overdimensionering\/\" target=\"_self\" >76 panneaux solaires + Solaredge 10K 330% surdimensionnement<\/a><\/h2>\n\n<p>76 ZOnnepanelen + Solaredge 10K 330% OverdimensioneringHeeft u ook en steeds hoger elektrisch verbruik door en elektrische wagen, warmtepomp, &#8230; of, heeft u een KMO met veel verbruik en heeft u plaats voor 76 zonnepanelen?Wij zijn een gepassioneerd energiebedrijf dat zich richt op duurzaamheid.We weten dat het ontwikkelen van je bedrijf in zonne-energie een groot<\/p>\n<\/div>\n<\/div>\n\n\n\n<div style=\"height:45px\" aria-hidden=\"true\" class=\"wp-block-spacer\"><\/div>\n\n<\/li><li class=\"wp-block-post post-1339 informations_utiles type-informations_utiles status-publish has-post-thumbnail hentry\">\n\n<div class=\"wp-block-columns are-vertically-aligned-center is-layout-flex wp-container-core-columns-is-layout-9d6595d7 wp-block-columns-is-layout-flex\">\n<div class=\"wp-block-column is-vertically-aligned-center is-layout-flow wp-block-column-is-layout-flow\" style=\"flex-basis:30%\">\n<div class=\"wp-block-group ticss-cc694225 is-layout-flow wp-block-group-is-layout-flow\"><figure style=\"aspect-ratio:auto;width:100%;height:250px;\" class=\"alignfull wp-block-post-featured-image\"><a href=\"https:\/\/defisatsolar.be\/fr\/informations_utiles\/defisat-is-een-gecertificeerde-solaredge-installer\/\" target=\"_self\"  style=\"height:250px\"><img loading=\"lazy\" decoding=\"async\" width=\"1017\" height=\"433\" src=\"https:\/\/defisatsolar.be\/wp-content\/uploads\/2024\/06\/Installer-plus-Logo.png\" class=\"attachment-post-thumbnail size-post-thumbnail wp-post-image\" alt=\"Defisat is een gecertificeerde SolarEdge Installer\" style=\"width:100%;height:100%;object-fit:contain;\" srcset=\"https:\/\/defisatsolar.be\/wp-content\/uploads\/2024\/06\/Installer-plus-Logo.png 1017w, https:\/\/defisatsolar.be\/wp-content\/uploads\/2024\/06\/Installer-plus-Logo-980x417.png 980w, https:\/\/defisatsolar.be\/wp-content\/uploads\/2024\/06\/Installer-plus-Logo-480x204.png 480w\" sizes=\"(min-width: 0px) and (max-width: 480px) 480px, (min-width: 481px) and (max-width: 980px) 980px, (min-width: 981px) 1017px, 100vw\" \/><\/a><\/figure><\/div>\n<\/div>\n\n\n\n<div class=\"wp-block-column is-vertically-aligned-center is-layout-flow wp-block-column-is-layout-flow\" style=\"flex-basis:70%\"><h2 style=\"font-size:21px;\" class=\"has-text-align-left ticss-9f8a8df8 wp-block-post-title\"><a href=\"https:\/\/defisatsolar.be\/fr\/informations_utiles\/defisat-is-een-gecertificeerde-solaredge-installer\/\" target=\"_self\" >Defisat est un installateur certifi\u00e9 par SolarEdge<\/a><\/h2>\n\n<div style=\"font-size:14px;\" class=\"has-text-align-left wp-block-post-excerpt\"><p class=\"wp-block-post-excerpt__excerpt\">Une ann\u00e9e de plus Defisat est certifi\u00e9 Installateur Solar Edge<\/p><p class=\"wp-block-post-excerpt__more-text\"><a class=\"wp-block-post-excerpt__more-link\" href=\"https:\/\/defisatsolar.be\/fr\/informations_utiles\/defisat-is-een-gecertificeerde-solaredge-installer\/\">Lire la suite<\/a><\/p><\/div><\/div>\n<\/div>\n\n\n\n<div style=\"height:45px\" aria-hidden=\"true\" class=\"wp-block-spacer\"><\/div>\n\n<\/li><li class=\"wp-block-post post-1329 informations_utiles type-informations_utiles status-publish has-post-thumbnail hentry\">\n\n<div class=\"wp-block-columns are-vertically-aligned-center is-layout-flex wp-container-core-columns-is-layout-9d6595d7 wp-block-columns-is-layout-flex\">\n<div class=\"wp-block-column is-vertically-aligned-center is-layout-flow wp-block-column-is-layout-flow\" style=\"flex-basis:30%\">\n<div class=\"wp-block-group ticss-cc694225 is-layout-flow wp-block-group-is-layout-flow\"><figure style=\"aspect-ratio:auto;width:100%;height:250px;\" class=\"alignfull wp-block-post-featured-image\"><a href=\"https:\/\/defisatsolar.be\/fr\/informations_utiles\/dynamisch-tarief\/\" target=\"_self\"  style=\"height:250px\"><img loading=\"lazy\" decoding=\"async\" width=\"1105\" height=\"300\" src=\"https:\/\/defisatsolar.be\/wp-content\/uploads\/2024\/06\/tarification-dynamique.png\" class=\"attachment-post-thumbnail size-post-thumbnail wp-post-image\" alt=\"Dynamisch tarief\" style=\"width:100%;height:100%;object-fit:contain;\" srcset=\"https:\/\/defisatsolar.be\/wp-content\/uploads\/2024\/06\/tarification-dynamique.png 1105w, https:\/\/defisatsolar.be\/wp-content\/uploads\/2024\/06\/tarification-dynamique-980x266.png 980w, https:\/\/defisatsolar.be\/wp-content\/uploads\/2024\/06\/tarification-dynamique-480x130.png 480w\" sizes=\"(min-width: 0px) and (max-width: 480px) 480px, (min-width: 481px) and (max-width: 980px) 980px, (min-width: 981px) 1105px, 100vw\" \/><\/a><\/figure><\/div>\n<\/div>\n\n\n\n<div class=\"wp-block-column is-vertically-aligned-center is-layout-flow wp-block-column-is-layout-flow\" style=\"flex-basis:70%\"><h2 style=\"font-size:21px;\" class=\"has-text-align-left ticss-9f8a8df8 wp-block-post-title\"><a href=\"https:\/\/defisatsolar.be\/fr\/informations_utiles\/dynamisch-tarief\/\" target=\"_self\" >Tarifs dynamiques<\/a><\/h2>\n\n<div style=\"font-size:14px;\" class=\"has-text-align-left wp-block-post-excerpt\"><p class=\"wp-block-post-excerpt__excerpt\">D\u00e9couvrez comment SolarEdge ONE, combin\u00e9 \u00e0 des tarifs dynamiques, peut r\u00e9duire de mani\u00e8re significative les co\u00fbts \u00e9nerg\u00e9tiques r\u00e9sidentiels.<\/p><p class=\"wp-block-post-excerpt__more-text\"><a class=\"wp-block-post-excerpt__more-link\" href=\"https:\/\/defisatsolar.be\/fr\/informations_utiles\/dynamisch-tarief\/\">Lire la suite<\/a><\/p><\/div><\/div>\n<\/div>\n\n\n\n<div style=\"height:45px\" aria-hidden=\"true\" class=\"wp-block-spacer\"><\/div>\n\n<\/li><\/ul>\n\n\n<hr class=\"wp-block-separator has-text-color has-vivid-cyan-blue-color has-alpha-channel-opacity has-vivid-cyan-blue-background-color has-background is-style-default\"\/>\n\n\n\n\n<\/div>","protected":false},"excerpt":{"rendered":"<p>Trouvez toutes nos infos sur l'\u00e9nergie solaire et notre expertise.<\/p>","protected":false},"author":2,"featured_media":718,"parent":0,"menu_order":0,"comment_status":"closed","ping_status":"closed","template":"","meta":{"_et_pb_use_builder":"off","_et_pb_old_content":"<!-- wp:query {\"queryId\":9,\"query\":{\"perPage\":\"10\",\"pages\":0,\"offset\":0,\"postType\":\"informations_utiles\",\"order\":\"desc\",\"orderBy\":\"date\",\"author\":\"\",\"search\":\"\",\"exclude\":[],\"sticky\":\"\",\"inherit\":false,\"parents\":[]},\"className\":\"ticss-fda85bfc\",\"hasCustomCSS\":true,\"customCSS\":\".ticss-fda85bfc u003eul {n  list-style-type:none;n  margin:0;n}n\"} -->\n<div class=\"wp-block-query ticss-fda85bfc\"><!-- wp:post-template {\"layout\":{\"type\":\"grid\",\"columnCount\":3}} -->\n<!-- wp:group {\"style\":{\"color\":{\"background\":\"#eaeaea\"}},\"className\":\"ticss-cc694225\",\"layout\":{\"type\":\"default\"},\"hasCustomCSS\":true,\"customCSS\":\".ticss-cc694225 {n  border-radius:20px;n  overflow:hidden;n  padding:10px 0 !important;n}\"} -->\n<div class=\"wp-block-group ticss-cc694225 has-background\" style=\"background-color:#eaeaea\"><!-- wp:post-title {\"textAlign\":\"center\",\"isLink\":true,\"style\":{\"typography\":{\"fontSize\":\"21px\"}},\"className\":\"ticss-9f8a8df8\",\"hasCustomCSS\":true,\"customCSS\":\".ticss-9f8a8df8 {n  min-height:1em;n  font-size:21px !important;n}n\"} \/-->\n\n<!-- wp:post-featured-image {\"isLink\":true,\"aspectRatio\":\"auto\",\"width\":\"100%\",\"height\":\"250px\",\"scale\":\"contain\",\"align\":\"full\"} \/-->\n\n<!-- wp:post-excerpt {\"textAlign\":\"center\",\"moreText\":\"Lees meer\",\"style\":{\"typography\":{\"fontSize\":\"14px\"}}} \/-->\n\n<!-- wp:separator {\"backgroundColor\":\"vivid-cyan-blue\",\"className\":\"is-style-default\"} -->\n<hr class=\"wp-block-separator has-text-color has-vivid-cyan-blue-color has-alpha-channel-opacity has-vivid-cyan-blue-background-color has-background is-style-default\"\/>\n<!-- \/wp:separator --><\/div>\n<!-- \/wp:group -->\n<!-- \/wp:post-template -->\n\n<!-- wp:query-pagination -->\n<!-- wp:query-pagination-previous \/-->\n\n<!-- wp:query-pagination-numbers \/-->\n\n<!-- wp:query-pagination-next \/-->\n<!-- \/wp:query-pagination -->\n\n<!-- wp:query-no-results -->\n<!-- wp:paragraph {\"placeholder\":\"Ajouter un texte ou des blocs qui s\u2019afficheront lorsqu\u2019une requ\u00eate ne renverra aucun r\u00e9sultat.\"} -->\n<p><\/p>\n<!-- \/wp:paragraph -->\n<!-- \/wp:query-no-results --><\/div>\n<!-- \/wp:query -->","_et_gb_content_width":"","_themeisle_gutenberg_block_has_review":false,"footnotes":""},"class_list":["post-1348","page","type-page","status-publish","has-post-thumbnail","hentry"],"yoast_head":"<!-- This site is optimized with the Yoast SEO plugin v26.4 - https:\/\/yoast.com\/wordpress\/plugins\/seo\/ -->\n<title>Praktische informatie - Defisat Solar<\/title>\n<meta name=\"robots\" content=\"index, follow, max-snippet:-1, max-image-preview:large, max-video-preview:-1\" \/>\n<link rel=\"canonical\" href=\"https:\/\/defisatsolar.be\/fr\/praktische-informatie\/\" \/>\n<meta property=\"og:locale\" content=\"fr_FR\" \/>\n<meta property=\"og:type\" content=\"article\" \/>\n<meta property=\"og:title\" content=\"Praktische informatie - Defisat Solar\" \/>\n<meta property=\"og:description\" content=\"Vind allerlei informatie over zonne-energie en onze expertise.\" \/>\n<meta property=\"og:url\" content=\"https:\/\/defisatsolar.be\/fr\/praktische-informatie\/\" \/>\n<meta property=\"og:site_name\" content=\"Defisat Solar\" \/>\n<meta property=\"article:modified_time\" content=\"2024-10-04T07:28:03+00:00\" \/>\n<meta property=\"og:image\" content=\"https:\/\/defisatsolar.be\/wp-content\/uploads\/2023\/04\/Panneaux-solaires-Wallonie-1024x751-1.jpg\" \/>\n\t<meta property=\"og:image:width\" content=\"1024\" \/>\n\t<meta property=\"og:image:height\" content=\"751\" \/>\n\t<meta property=\"og:image:type\" content=\"image\/jpeg\" \/>\n<meta name=\"twitter:card\" content=\"summary_large_image\" \/>\n<meta name=\"twitter:label1\" content=\"Dur\u00e9e de lecture est.\" \/>\n\t<meta name=\"twitter:data1\" content=\"1 minute\" \/>\n<script type=\"application\/ld+json\" class=\"yoast-schema-graph\">{\"@context\":\"https:\/\/schema.org\",\"@graph\":[{\"@type\":\"WebPage\",\"@id\":\"https:\/\/defisatsolar.be\/praktische-informatie\/\",\"url\":\"https:\/\/defisatsolar.be\/praktische-informatie\/\",\"name\":\"Praktische informatie - Defisat Solar\",\"isPartOf\":{\"@id\":\"https:\/\/defisatsolar.be\/#website\"},\"primaryImageOfPage\":{\"@id\":\"https:\/\/defisatsolar.be\/praktische-informatie\/#primaryimage\"},\"image\":{\"@id\":\"https:\/\/defisatsolar.be\/praktische-informatie\/#primaryimage\"},\"thumbnailUrl\":\"https:\/\/defisatsolar.be\/wp-content\/uploads\/2023\/04\/Panneaux-solaires-Wallonie-1024x751-1.jpg\",\"datePublished\":\"2024-06-03T14:40:13+00:00\",\"dateModified\":\"2024-10-04T07:28:03+00:00\",\"breadcrumb\":{\"@id\":\"https:\/\/defisatsolar.be\/praktische-informatie\/#breadcrumb\"},\"inLanguage\":\"fr-BE\",\"potentialAction\":[{\"@type\":\"ReadAction\",\"target\":[\"https:\/\/defisatsolar.be\/praktische-informatie\/\"]}]},{\"@type\":\"ImageObject\",\"inLanguage\":\"fr-BE\",\"@id\":\"https:\/\/defisatsolar.be\/praktische-informatie\/#primaryimage\",\"url\":\"https:\/\/defisatsolar.be\/wp-content\/uploads\/2023\/04\/Panneaux-solaires-Wallonie-1024x751-1.jpg\",\"contentUrl\":\"https:\/\/defisatsolar.be\/wp-content\/uploads\/2023\/04\/Panneaux-solaires-Wallonie-1024x751-1.jpg\",\"width\":1024,\"height\":751,\"caption\":\"Premies in Walloni\u00eb Zonnepanelen\"},{\"@type\":\"BreadcrumbList\",\"@id\":\"https:\/\/defisatsolar.be\/praktische-informatie\/#breadcrumb\",\"itemListElement\":[{\"@type\":\"ListItem\",\"position\":1,\"name\":\"Accueil\",\"item\":\"https:\/\/defisatsolar.be\/\"},{\"@type\":\"ListItem\",\"position\":2,\"name\":\"Praktische informatie\"}]},{\"@type\":\"WebSite\",\"@id\":\"https:\/\/defisatsolar.be\/#website\",\"url\":\"https:\/\/defisatsolar.be\/\",\"name\":\"Defisat Solar NV\",\"description\":\"Uw partner in solar oplossingen\",\"publisher\":{\"@id\":\"https:\/\/defisatsolar.be\/#organization\"},\"potentialAction\":[{\"@type\":\"SearchAction\",\"target\":{\"@type\":\"EntryPoint\",\"urlTemplate\":\"https:\/\/defisatsolar.be\/?s={search_term_string}\"},\"query-input\":{\"@type\":\"PropertyValueSpecification\",\"valueRequired\":true,\"valueName\":\"search_term_string\"}}],\"inLanguage\":\"fr-BE\"},{\"@type\":\"Organization\",\"@id\":\"https:\/\/defisatsolar.be\/#organization\",\"name\":\"Defisat Solar NV\",\"url\":\"https:\/\/defisatsolar.be\/\",\"logo\":{\"@type\":\"ImageObject\",\"inLanguage\":\"fr-BE\",\"@id\":\"https:\/\/defisatsolar.be\/#\/schema\/logo\/image\/\",\"url\":\"https:\/\/defisatsolar.be\/wp-content\/uploads\/2023\/04\/Logo-Defisat-Solar-NV-square.jpg\",\"contentUrl\":\"https:\/\/defisatsolar.be\/wp-content\/uploads\/2023\/04\/Logo-Defisat-Solar-NV-square.jpg\",\"width\":1634,\"height\":1634,\"caption\":\"Defisat Solar NV\"},\"image\":{\"@id\":\"https:\/\/defisatsolar.be\/#\/schema\/logo\/image\/\"}}]}<\/script>\n<!-- \/ Yoast SEO plugin. -->","yoast_head_json":{"title":"Praktische informatie - Defisat Solar","robots":{"index":"index","follow":"follow","max-snippet":"max-snippet:-1","max-image-preview":"max-image-preview:large","max-video-preview":"max-video-preview:-1"},"canonical":"https:\/\/defisatsolar.be\/fr\/praktische-informatie\/","og_locale":"fr_FR","og_type":"article","og_title":"Praktische informatie - Defisat Solar","og_description":"Vind allerlei informatie over zonne-energie en onze expertise.","og_url":"https:\/\/defisatsolar.be\/fr\/praktische-informatie\/","og_site_name":"Defisat Solar","article_modified_time":"2024-10-04T07:28:03+00:00","og_image":[{"width":1024,"height":751,"url":"https:\/\/defisatsolar.be\/wp-content\/uploads\/2023\/04\/Panneaux-solaires-Wallonie-1024x751-1.jpg","type":"image\/jpeg"}],"twitter_card":"summary_large_image","twitter_misc":{"Dur\u00e9e de lecture est.":"1 minute"},"schema":{"@context":"https:\/\/schema.org","@graph":[{"@type":"WebPage","@id":"https:\/\/defisatsolar.be\/praktische-informatie\/","url":"https:\/\/defisatsolar.be\/praktische-informatie\/","name":"Praktische informatie - Defisat Solar","isPartOf":{"@id":"https:\/\/defisatsolar.be\/#website"},"primaryImageOfPage":{"@id":"https:\/\/defisatsolar.be\/praktische-informatie\/#primaryimage"},"image":{"@id":"https:\/\/defisatsolar.be\/praktische-informatie\/#primaryimage"},"thumbnailUrl":"https:\/\/defisatsolar.be\/wp-content\/uploads\/2023\/04\/Panneaux-solaires-Wallonie-1024x751-1.jpg","datePublished":"2024-06-03T14:40:13+00:00","dateModified":"2024-10-04T07:28:03+00:00","breadcrumb":{"@id":"https:\/\/defisatsolar.be\/praktische-informatie\/#breadcrumb"},"inLanguage":"fr-BE","potentialAction":[{"@type":"ReadAction","target":["https:\/\/defisatsolar.be\/praktische-informatie\/"]}]},{"@type":"ImageObject","inLanguage":"fr-BE","@id":"https:\/\/defisatsolar.be\/praktische-informatie\/#primaryimage","url":"https:\/\/defisatsolar.be\/wp-content\/uploads\/2023\/04\/Panneaux-solaires-Wallonie-1024x751-1.jpg","contentUrl":"https:\/\/defisatsolar.be\/wp-content\/uploads\/2023\/04\/Panneaux-solaires-Wallonie-1024x751-1.jpg","width":1024,"height":751,"caption":"Premies in Walloni\u00eb Zonnepanelen"},{"@type":"BreadcrumbList","@id":"https:\/\/defisatsolar.be\/praktische-informatie\/#breadcrumb","itemListElement":[{"@type":"ListItem","position":1,"name":"Accueil","item":"https:\/\/defisatsolar.be\/"},{"@type":"ListItem","position":2,"name":"Praktische informatie"}]},{"@type":"WebSite","@id":"https:\/\/defisatsolar.be\/#website","url":"https:\/\/defisatsolar.be\/","name":"Defisat Solar NV","description":"Uw partner in solar oplossingen","publisher":{"@id":"https:\/\/defisatsolar.be\/#organization"},"potentialAction":[{"@type":"SearchAction","target":{"@type":"EntryPoint","urlTemplate":"https:\/\/defisatsolar.be\/?s={search_term_string}"},"query-input":{"@type":"PropertyValueSpecification","valueRequired":true,"valueName":"search_term_string"}}],"inLanguage":"fr-BE"},{"@type":"Organization","@id":"https:\/\/defisatsolar.be\/#organization","name":"Defisat Solar NV","url":"https:\/\/defisatsolar.be\/","logo":{"@type":"ImageObject","inLanguage":"fr-BE","@id":"https:\/\/defisatsolar.be\/#\/schema\/logo\/image\/","url":"https:\/\/defisatsolar.be\/wp-content\/uploads\/2023\/04\/Logo-Defisat-Solar-NV-square.jpg","contentUrl":"https:\/\/defisatsolar.be\/wp-content\/uploads\/2023\/04\/Logo-Defisat-Solar-NV-square.jpg","width":1634,"height":1634,"caption":"Defisat Solar NV"},"image":{"@id":"https:\/\/defisatsolar.be\/#\/schema\/logo\/image\/"}}]}},"_links":{"self":[{"href":"https:\/\/defisatsolar.be\/fr\/wp-json\/wp\/v2\/pages\/1348","targetHints":{"allow":["GET"]}}],"collection":[{"href":"https:\/\/defisatsolar.be\/fr\/wp-json\/wp\/v2\/pages"}],"about":[{"href":"https:\/\/defisatsolar.be\/fr\/wp-json\/wp\/v2\/types\/page"}],"author":[{"embeddable":true,"href":"https:\/\/defisatsolar.be\/fr\/wp-json\/wp\/v2\/users\/2"}],"replies":[{"embeddable":true,"href":"https:\/\/defisatsolar.be\/fr\/wp-json\/wp\/v2\/comments?post=1348"}],"version-history":[{"count":38,"href":"https:\/\/defisatsolar.be\/fr\/wp-json\/wp\/v2\/pages\/1348\/revisions"}],"predecessor-version":[{"id":1489,"href":"https:\/\/defisatsolar.be\/fr\/wp-json\/wp\/v2\/pages\/1348\/revisions\/1489"}],"wp:featuredmedia":[{"embeddable":true,"href":"https:\/\/defisatsolar.be\/fr\/wp-json\/wp\/v2\/media\/718"}],"wp:attachment":[{"href":"https:\/\/defisatsolar.be\/fr\/wp-json\/wp\/v2\/media?parent=1348"}],"curies":[{"name":"wp","href":"https:\/\/api.w.org\/{rel}","templated":true}]}}