{"id":257,"date":"2023-03-23T09:51:45","date_gmt":"2023-03-23T08:51:45","guid":{"rendered":"https:\/\/defisatsolar.be\/?page_id=257"},"modified":"2024-01-08T09:04:23","modified_gmt":"2024-01-08T08:04:23","slug":"premies-zonnepanelen-wallonie","status":"publish","type":"page","link":"https:\/\/defisatsolar.be\/fr\/premies-zonnepanelen-wallonie\/","title":{"rendered":"Les Primes en Wallonie"},"content":{"rendered":"<div class=\"wp-block-columns is-layout-flex wp-container-core-columns-is-layout-9d6595d7 wp-block-columns-is-layout-flex\">\n<div class=\"wp-block-column is-vertically-aligned-center is-layout-flow wp-block-column-is-layout-flow\">\n<h2 class=\"wp-block-heading has-text-align-center\">Primes pour les panneaux solaires<\/h2>\n\n\n\n<p>Toute installation photovolta\u00efque mise en service \u00e0 partir du 1er janvier 2024 ne b\u00e9n\u00e9ficiera plus de la compensation. La date de mise en service correspond \u00e0 la date de visite de l'organisme agr\u00e9\u00e9 qui atteste de la conformit\u00e9 de l'installation.<\/p>\n\n\n\n<p>Ces installations doivent n\u00e9cessairement \u00eatre associ\u00e9es \u00e0 un compteur double flux (qui mesure s\u00e9par\u00e9ment les pr\u00e9l\u00e8vements et les injections), commun\u00e9ment appel\u00e9 \u00ab compteur communicant \u00bb. A partir du 1er janvier 2024, la production \u00e9lectrique de ces nouvelles installations sera donc en partie consomm\u00e9e directement chez le client (on parle alors d'autoconsommation instantan\u00e9e), le surplus \u00e9tant inject\u00e9 sur le r\u00e9seau et mesur\u00e9 s\u00e9par\u00e9ment.<\/p>\n\n\n\n<p>La bonne nouvelle c'est que ce qui est inject\u00e9 sur le r\u00e9seau peut \u00eatre vendu \u00e0 son fournisseur, au prix des tarifs d'injection publi\u00e9s par celui-ci. Un prosumer recevra donc une facture en deux parties.<\/p>\n\n\n\n<p>La premi\u00e8re partie concerne les co\u00fbts li\u00e9s \u00e0 l'\u00e9lectricit\u00e9 pr\u00e9lev\u00e9e sur le r\u00e9seau (l'\u00e9lectricit\u00e9 pr\u00e9lev\u00e9e sur le r\u00e9seau correspond \u00e0 la consommation du client, d\u00e9duction faite de son autoconsommation).<\/p>\n\n\n\n<p>L'autre partie est une note de cr\u00e9dit correspondant \u00e0 la vente de l'\u00e9lectricit\u00e9 inject\u00e9e sur le r\u00e9seau. Il faut noter qu'investir dans une installation photovolta\u00efque en 2024 ou apr\u00e8s reste donc particuli\u00e8rement int\u00e9ressant et est indispensable pour la n\u00e9cessaire transition \u00e9nerg\u00e9tique. En effet, sur base des donn\u00e9es actuelles, une installation photovolta\u00efque avec un taux d'autoconsommation de 40 % (ce qui est la norme aujourd'hui) se rentabilise en 6 ans.<\/p>\n\n\n\n<p>Les installations existantes b\u00e9n\u00e9ficient de la compensation jusqu'au 31 d\u00e9cembre 2030. Cela signifie que le fournisseur re\u00e7oit comme donn\u00e9e, pour facturer la commodit\u00e9 (l'\u00e9lectron), l'\u00e9lectricit\u00e9 nette pr\u00e9lev\u00e9e, c'est-\u00e0-dire la diff\u00e9rence entre l'\u00e9lectricit\u00e9 pr\u00e9lev\u00e9e et l'\u00e9lectricit\u00e9 inject\u00e9e (ramen\u00e9 \u00e0 z\u00e9ro si l'injection est sup\u00e9rieur au pr\u00e9l\u00e8vement). Dans le cas d'un compteur m\u00e9canique (compteur qui tourne \u00e0 l'envers), l'\u00e9lectricit\u00e9 nette pr\u00e9lev\u00e9e se d\u00e9duit directement des relev\u00e9s d'index.<\/p>\n\n\n\n<p>Pour les installations qui subissent une modification (remplacement de l'onduleur, remplacement de panneaux d\u00e9fectueux ou rajout de quelques panneaux), le droit \u00e0 la compensation est maintenu pour toute l'installation jusque fin 2030 pour autant que l'installation, apr\u00e8s modifications, ne puisse pas injecter plus de 1 kW \u00e9lectrique suppl\u00e9mentaire sur le r\u00e9seau par rapport \u00e0 l'installation initiale, sans pour autant d\u00e9passer le seuil de 10 kW.<\/p>\n\n\n\n<p>Dans tous les autres cas, l'installation modifi\u00e9e perd le b\u00e9n\u00e9fice de la compensation et il n'est pas possible, chez un m\u00eame client, de disposer de deux installations, l'une b\u00e9n\u00e9ficiant de la compensation et l'autre pas.<\/p>\n\n\n\n<p>Source : https:\/\/www.wallonie.be\/fr\/actualites\/panneaux-photovoltaiques-fin-du-compteur-qui-tourne-lenvers<\/p>\n\n\n\n<div style=\"height:100px\" aria-hidden=\"true\" class=\"wp-block-spacer\"><\/div>\n\n\n\n<div class=\"wp-block-columns is-layout-flex wp-container-core-columns-is-layout-9d6595d7 wp-block-columns-is-layout-flex\">\n<div class=\"wp-block-column is-vertically-aligned-center is-layout-flow wp-block-column-is-layout-flow\">\n<h2 class=\"wp-block-heading has-text-align-center\">Primes pour les batteries domestiques<\/h2>\n\n\n\n<p class=\"has-text-align-center\">Il n'y a actuellement aucune prime pour les batteries domestiques applicable en Wallonie. <\/p>\n<\/div>\n<\/div>\n<\/div>\n<\/div>","protected":false},"excerpt":{"rendered":"<p>Certaines communes de Wallonie accordent des primes. Renseignez-vous aupr\u00e8s de votre commune.<\/p>","protected":false},"author":2,"featured_media":782,"parent":0,"menu_order":0,"comment_status":"closed","ping_status":"closed","template":"","meta":{"_et_pb_use_builder":"off","_et_pb_old_content":"<!-- wp:columns -->\n<div class=\"wp-block-columns\"><!-- wp:column {\"verticalAlignment\":\"center\"} -->\n<div class=\"wp-block-column is-vertically-aligned-center\"><!-- wp:columns -->\n<div class=\"wp-block-columns\"><!-- wp:column -->\n<div class=\"wp-block-column\"><!-- wp:image {\"align\":\"center\",\"id\":899,\"width\":-11,\"height\":-11,\"sizeSlug\":\"large\",\"linkDestination\":\"none\"} -->\n<figure class=\"wp-block-image aligncenter size-large is-resized\"><img src=\"https:\/\/defisatsolar.be\/wp-content\/uploads\/2023\/06\/Compteur-update-1-1024x1024.jpg\" alt=\"\" class=\"wp-image-899\" width=\"-11\" height=\"-11\"\/><\/figure>\n<!-- \/wp:image -->\n\n<!-- wp:heading {\"textAlign\":\"center\",\"textColor\":\"vivid-red\"} -->\n<h2 class=\"wp-block-heading has-text-align-center has-vivid-red-color has-text-color\">Installeer uw panelen in 2023 en profiteer van de terugdraaiende teller tot 2030!<\/h2>\n<!-- \/wp:heading -->\n\n<!-- wp:paragraph {\"align\":\"center\"} -->\n<p class=\"has-text-align-center\">Wacht dus zeker niet om uw zonnepanelen te installeren en vraag uw offerte zo snel mogelijk aan. <\/p>\n<!-- \/wp:paragraph -->\n\n<!-- wp:spacer {\"height\":\"20px\"} -->\n<div style=\"height:20px\" aria-hidden=\"true\" class=\"wp-block-spacer\"><\/div>\n<!-- \/wp:spacer -->\n\n<!-- wp:buttons {\"layout\":{\"type\":\"flex\",\"justifyContent\":\"center\"}} -->\n<div class=\"wp-block-buttons\"><!-- wp:button {\"textAlign\":\"center\",\"style\":{\"color\":{\"background\":\"#027ecf\"}},\"fontSize\":\"small\"} -->\n<div class=\"wp-block-button has-custom-font-size has-small-font-size\"><a class=\"wp-block-button__link has-background has-text-align-center wp-element-button\" href=\"https:\/\/defisatsolar.be\/installez-vos-panneaux-en-2023\/\" style=\"background-color:#027ecf\">Offerte aanvragen<\/a><\/div>\n<!-- \/wp:button --><\/div>\n<!-- \/wp:buttons --><\/div>\n<!-- \/wp:column --><\/div>\n<!-- \/wp:columns -->\n\n<!-- wp:spacer -->\n<div style=\"height:100px\" aria-hidden=\"true\" class=\"wp-block-spacer\"><\/div>\n<!-- \/wp:spacer -->\n\n<!-- wp:heading {\"textAlign\":\"center\",\"otterConditions\":[]} -->\n<h2 class=\"wp-block-heading has-text-align-center\">Premies voor zonnepanelen<\/h2>\n<!-- \/wp:heading -->\n\n<!-- wp:paragraph {\"align\":\"center\"} -->\n<p class=\"has-text-align-center\">Sommige gemeenten in Walloni\u00eb geven premies op zonnepaneleninstallaties. Dit is afhankelijk van de gemeente.<\/p>\n<!-- \/wp:paragraph -->\n\n<!-- wp:spacer -->\n<div style=\"height:100px\" aria-hidden=\"true\" class=\"wp-block-spacer\"><\/div>\n<!-- \/wp:spacer -->\n\n<!-- wp:columns -->\n<div class=\"wp-block-columns\"><!-- wp:column {\"verticalAlignment\":\"center\"} -->\n<div class=\"wp-block-column is-vertically-aligned-center\"><!-- wp:heading {\"textAlign\":\"center\",\"otterConditions\":[]} -->\n<h2 class=\"wp-block-heading has-text-align-center\">Premies voor thuisbatterijen<\/h2>\n<!-- \/wp:heading -->\n\n<!-- wp:paragraph {\"align\":\"center\"} -->\n<p class=\"has-text-align-center\">Momenteel zijn er geen premies voor thuisbatterijen van toepassing in Walloni\u00eb. <\/p>\n<!-- \/wp:paragraph --><\/div>\n<!-- \/wp:column --><\/div>\n<!-- \/wp:columns --><\/div>\n<!-- \/wp:column --><\/div>\n<!-- \/wp:columns -->","_et_gb_content_width":"","_themeisle_gutenberg_block_has_review":false,"footnotes":""},"class_list":["post-257","page","type-page","status-publish","has-post-thumbnail","hentry"],"yoast_head":"<!-- This site is optimized with the Yoast SEO plugin v26.4 - https:\/\/yoast.com\/wordpress\/plugins\/seo\/ -->\n<title>Premies Zonnepanelen Walloni\u00eb - Defisat Solar<\/title>\n<meta name=\"description\" content=\"Premies voor zonnepanelen in Walloni\u00eb. Blijf op de hoogte van het laatste nieuws op de websites van energieleveranciers.\" \/>\n<meta name=\"robots\" content=\"index, follow, max-snippet:-1, max-image-preview:large, max-video-preview:-1\" \/>\n<link rel=\"canonical\" href=\"https:\/\/defisatsolar.be\/fr\/premies-zonnepanelen-wallonie\/\" \/>\n<meta property=\"og:locale\" content=\"fr_FR\" \/>\n<meta property=\"og:type\" content=\"article\" \/>\n<meta property=\"og:title\" content=\"Premies Zonnepanelen Walloni\u00eb - Defisat Solar\" \/>\n<meta property=\"og:description\" content=\"Premies voor zonnepanelen in Walloni\u00eb. Blijf op de hoogte van het laatste nieuws op de websites van energieleveranciers.\" \/>\n<meta property=\"og:url\" content=\"https:\/\/defisatsolar.be\/fr\/premies-zonnepanelen-wallonie\/\" \/>\n<meta property=\"og:site_name\" content=\"Defisat Solar\" \/>\n<meta property=\"article:modified_time\" content=\"2024-01-08T08:04:23+00:00\" \/>\n<meta property=\"og:image\" content=\"https:\/\/defisatsolar.be\/wp-content\/uploads\/2023\/04\/pexels-picjumbocom-461077-scaled.jpg\" \/>\n\t<meta property=\"og:image:width\" content=\"2560\" \/>\n\t<meta property=\"og:image:height\" content=\"1707\" \/>\n\t<meta property=\"og:image:type\" content=\"image\/jpeg\" \/>\n<meta name=\"twitter:card\" content=\"summary_large_image\" \/>\n<meta name=\"twitter:label1\" content=\"Dur\u00e9e de lecture est.\" \/>\n\t<meta name=\"twitter:data1\" content=\"3 minutes\" \/>\n<script type=\"application\/ld+json\" class=\"yoast-schema-graph\">{\"@context\":\"https:\/\/schema.org\",\"@graph\":[{\"@type\":\"WebPage\",\"@id\":\"https:\/\/defisatsolar.be\/premies-zonnepanelen-wallonie\/\",\"url\":\"https:\/\/defisatsolar.be\/premies-zonnepanelen-wallonie\/\",\"name\":\"Premies Zonnepanelen Walloni\u00eb - Defisat Solar\",\"isPartOf\":{\"@id\":\"https:\/\/defisatsolar.be\/#website\"},\"primaryImageOfPage\":{\"@id\":\"https:\/\/defisatsolar.be\/premies-zonnepanelen-wallonie\/#primaryimage\"},\"image\":{\"@id\":\"https:\/\/defisatsolar.be\/premies-zonnepanelen-wallonie\/#primaryimage\"},\"thumbnailUrl\":\"https:\/\/defisatsolar.be\/wp-content\/uploads\/2023\/04\/pexels-picjumbocom-461077-scaled.jpg\",\"datePublished\":\"2023-03-23T08:51:45+00:00\",\"dateModified\":\"2024-01-08T08:04:23+00:00\",\"description\":\"Premies voor zonnepanelen in Walloni\u00eb. Blijf op de hoogte van het laatste nieuws op de websites van energieleveranciers.\",\"breadcrumb\":{\"@id\":\"https:\/\/defisatsolar.be\/premies-zonnepanelen-wallonie\/#breadcrumb\"},\"inLanguage\":\"fr-BE\",\"potentialAction\":[{\"@type\":\"ReadAction\",\"target\":[\"https:\/\/defisatsolar.be\/premies-zonnepanelen-wallonie\/\"]}]},{\"@type\":\"ImageObject\",\"inLanguage\":\"fr-BE\",\"@id\":\"https:\/\/defisatsolar.be\/premies-zonnepanelen-wallonie\/#primaryimage\",\"url\":\"https:\/\/defisatsolar.be\/wp-content\/uploads\/2023\/04\/pexels-picjumbocom-461077-scaled.jpg\",\"contentUrl\":\"https:\/\/defisatsolar.be\/wp-content\/uploads\/2023\/04\/pexels-picjumbocom-461077-scaled.jpg\",\"width\":2560,\"height\":1707,\"caption\":\"Premies in Walloni\u00eb Zonnepanelen\"},{\"@type\":\"BreadcrumbList\",\"@id\":\"https:\/\/defisatsolar.be\/premies-zonnepanelen-wallonie\/#breadcrumb\",\"itemListElement\":[{\"@type\":\"ListItem\",\"position\":1,\"name\":\"Accueil\",\"item\":\"https:\/\/defisatsolar.be\/\"},{\"@type\":\"ListItem\",\"position\":2,\"name\":\"Premies in Walloni\u00eb\"}]},{\"@type\":\"WebSite\",\"@id\":\"https:\/\/defisatsolar.be\/#website\",\"url\":\"https:\/\/defisatsolar.be\/\",\"name\":\"Defisat Solar NV\",\"description\":\"Uw partner in solar oplossingen\",\"publisher\":{\"@id\":\"https:\/\/defisatsolar.be\/#organization\"},\"potentialAction\":[{\"@type\":\"SearchAction\",\"target\":{\"@type\":\"EntryPoint\",\"urlTemplate\":\"https:\/\/defisatsolar.be\/?s={search_term_string}\"},\"query-input\":{\"@type\":\"PropertyValueSpecification\",\"valueRequired\":true,\"valueName\":\"search_term_string\"}}],\"inLanguage\":\"fr-BE\"},{\"@type\":\"Organization\",\"@id\":\"https:\/\/defisatsolar.be\/#organization\",\"name\":\"Defisat Solar NV\",\"url\":\"https:\/\/defisatsolar.be\/\",\"logo\":{\"@type\":\"ImageObject\",\"inLanguage\":\"fr-BE\",\"@id\":\"https:\/\/defisatsolar.be\/#\/schema\/logo\/image\/\",\"url\":\"https:\/\/defisatsolar.be\/wp-content\/uploads\/2023\/04\/Logo-Defisat-Solar-NV-square.jpg\",\"contentUrl\":\"https:\/\/defisatsolar.be\/wp-content\/uploads\/2023\/04\/Logo-Defisat-Solar-NV-square.jpg\",\"width\":1634,\"height\":1634,\"caption\":\"Defisat Solar NV\"},\"image\":{\"@id\":\"https:\/\/defisatsolar.be\/#\/schema\/logo\/image\/\"}}]}<\/script>\n<!-- \/ Yoast SEO plugin. -->","yoast_head_json":{"title":"Premies Zonnepanelen Walloni\u00eb - Defisat Solar","description":"Premies voor zonnepanelen in Walloni\u00eb. Blijf op de hoogte van het laatste nieuws op de websites van energieleveranciers.","robots":{"index":"index","follow":"follow","max-snippet":"max-snippet:-1","max-image-preview":"max-image-preview:large","max-video-preview":"max-video-preview:-1"},"canonical":"https:\/\/defisatsolar.be\/fr\/premies-zonnepanelen-wallonie\/","og_locale":"fr_FR","og_type":"article","og_title":"Premies Zonnepanelen Walloni\u00eb - Defisat Solar","og_description":"Premies voor zonnepanelen in Walloni\u00eb. Blijf op de hoogte van het laatste nieuws op de websites van energieleveranciers.","og_url":"https:\/\/defisatsolar.be\/fr\/premies-zonnepanelen-wallonie\/","og_site_name":"Defisat Solar","article_modified_time":"2024-01-08T08:04:23+00:00","og_image":[{"width":2560,"height":1707,"url":"https:\/\/defisatsolar.be\/wp-content\/uploads\/2023\/04\/pexels-picjumbocom-461077-scaled.jpg","type":"image\/jpeg"}],"twitter_card":"summary_large_image","twitter_misc":{"Dur\u00e9e de lecture est.":"3 minutes"},"schema":{"@context":"https:\/\/schema.org","@graph":[{"@type":"WebPage","@id":"https:\/\/defisatsolar.be\/premies-zonnepanelen-wallonie\/","url":"https:\/\/defisatsolar.be\/premies-zonnepanelen-wallonie\/","name":"Premies Zonnepanelen Walloni\u00eb - Defisat Solar","isPartOf":{"@id":"https:\/\/defisatsolar.be\/#website"},"primaryImageOfPage":{"@id":"https:\/\/defisatsolar.be\/premies-zonnepanelen-wallonie\/#primaryimage"},"image":{"@id":"https:\/\/defisatsolar.be\/premies-zonnepanelen-wallonie\/#primaryimage"},"thumbnailUrl":"https:\/\/defisatsolar.be\/wp-content\/uploads\/2023\/04\/pexels-picjumbocom-461077-scaled.jpg","datePublished":"2023-03-23T08:51:45+00:00","dateModified":"2024-01-08T08:04:23+00:00","description":"Premies voor zonnepanelen in Walloni\u00eb. Blijf op de hoogte van het laatste nieuws op de websites van energieleveranciers.","breadcrumb":{"@id":"https:\/\/defisatsolar.be\/premies-zonnepanelen-wallonie\/#breadcrumb"},"inLanguage":"fr-BE","potentialAction":[{"@type":"ReadAction","target":["https:\/\/defisatsolar.be\/premies-zonnepanelen-wallonie\/"]}]},{"@type":"ImageObject","inLanguage":"fr-BE","@id":"https:\/\/defisatsolar.be\/premies-zonnepanelen-wallonie\/#primaryimage","url":"https:\/\/defisatsolar.be\/wp-content\/uploads\/2023\/04\/pexels-picjumbocom-461077-scaled.jpg","contentUrl":"https:\/\/defisatsolar.be\/wp-content\/uploads\/2023\/04\/pexels-picjumbocom-461077-scaled.jpg","width":2560,"height":1707,"caption":"Premies in Walloni\u00eb Zonnepanelen"},{"@type":"BreadcrumbList","@id":"https:\/\/defisatsolar.be\/premies-zonnepanelen-wallonie\/#breadcrumb","itemListElement":[{"@type":"ListItem","position":1,"name":"Accueil","item":"https:\/\/defisatsolar.be\/"},{"@type":"ListItem","position":2,"name":"Premies in Walloni\u00eb"}]},{"@type":"WebSite","@id":"https:\/\/defisatsolar.be\/#website","url":"https:\/\/defisatsolar.be\/","name":"Defisat Solar NV","description":"Uw partner in solar oplossingen","publisher":{"@id":"https:\/\/defisatsolar.be\/#organization"},"potentialAction":[{"@type":"SearchAction","target":{"@type":"EntryPoint","urlTemplate":"https:\/\/defisatsolar.be\/?s={search_term_string}"},"query-input":{"@type":"PropertyValueSpecification","valueRequired":true,"valueName":"search_term_string"}}],"inLanguage":"fr-BE"},{"@type":"Organization","@id":"https:\/\/defisatsolar.be\/#organization","name":"Defisat Solar NV","url":"https:\/\/defisatsolar.be\/","logo":{"@type":"ImageObject","inLanguage":"fr-BE","@id":"https:\/\/defisatsolar.be\/#\/schema\/logo\/image\/","url":"https:\/\/defisatsolar.be\/wp-content\/uploads\/2023\/04\/Logo-Defisat-Solar-NV-square.jpg","contentUrl":"https:\/\/defisatsolar.be\/wp-content\/uploads\/2023\/04\/Logo-Defisat-Solar-NV-square.jpg","width":1634,"height":1634,"caption":"Defisat Solar NV"},"image":{"@id":"https:\/\/defisatsolar.be\/#\/schema\/logo\/image\/"}}]}},"_links":{"self":[{"href":"https:\/\/defisatsolar.be\/fr\/wp-json\/wp\/v2\/pages\/257","targetHints":{"allow":["GET"]}}],"collection":[{"href":"https:\/\/defisatsolar.be\/fr\/wp-json\/wp\/v2\/pages"}],"about":[{"href":"https:\/\/defisatsolar.be\/fr\/wp-json\/wp\/v2\/types\/page"}],"author":[{"embeddable":true,"href":"https:\/\/defisatsolar.be\/fr\/wp-json\/wp\/v2\/users\/2"}],"replies":[{"embeddable":true,"href":"https:\/\/defisatsolar.be\/fr\/wp-json\/wp\/v2\/comments?post=257"}],"version-history":[{"count":26,"href":"https:\/\/defisatsolar.be\/fr\/wp-json\/wp\/v2\/pages\/257\/revisions"}],"predecessor-version":[{"id":1212,"href":"https:\/\/defisatsolar.be\/fr\/wp-json\/wp\/v2\/pages\/257\/revisions\/1212"}],"wp:featuredmedia":[{"embeddable":true,"href":"https:\/\/defisatsolar.be\/fr\/wp-json\/wp\/v2\/media\/782"}],"wp:attachment":[{"href":"https:\/\/defisatsolar.be\/fr\/wp-json\/wp\/v2\/media?parent=257"}],"curies":[{"name":"wp","href":"https:\/\/api.w.org\/{rel}","templated":true}]}}