{"id":65,"date":"2023-03-21T15:04:42","date_gmt":"2023-03-21T14:04:42","guid":{"rendered":"https:\/\/defisatsolar.be\/?page_id=65"},"modified":"2023-06-30T15:03:44","modified_gmt":"2023-06-30T13:03:44","slug":"over-defisat-solar","status":"publish","type":"page","link":"https:\/\/defisatsolar.be\/fr\/over-defisat-solar\/","title":{"rendered":"A propos de Defisat Solar"},"content":{"rendered":"<div class=\"wp-block-columns is-layout-flex wp-container-core-columns-is-layout-9d6595d7 wp-block-columns-is-layout-flex\">\n<div class=\"wp-block-column is-layout-flow wp-block-column-is-layout-flow\">\n<h2 class=\"wp-block-heading has-text-align-center\">Nous sommes une \u00e9quipe qualifi\u00e9e avec plus de 15 ans d'exp\u00e9rience<\/h2>\n\n\n\n<div style=\"height:150px\" aria-hidden=\"true\" class=\"wp-block-spacer\"><\/div>\n<\/div>\n<\/div>\n\n\n\n<div class=\"wp-block-columns are-vertically-aligned-center is-layout-flex wp-container-core-columns-is-layout-9d6595d7 wp-block-columns-is-layout-flex\">\n<div class=\"wp-block-column is-vertically-aligned-center is-layout-flow wp-block-column-is-layout-flow\">\n<figure class=\"wp-block-image aligncenter size-full ticss-a1d6819d\"><img loading=\"lazy\" decoding=\"async\" width=\"1634\" height=\"633\" src=\"https:\/\/defisatsolar.be\/wp-content\/uploads\/2023\/04\/Logo-Defisat-Solar-NV-square-1-e1681204444314.jpg\" alt=\"\" class=\"wp-image-724\" srcset=\"https:\/\/defisatsolar.be\/wp-content\/uploads\/2023\/04\/Logo-Defisat-Solar-NV-square-1-e1681204444314.jpg 1634w, https:\/\/defisatsolar.be\/wp-content\/uploads\/2023\/04\/Logo-Defisat-Solar-NV-square-1-e1681204444314-1280x633.jpg 1280w, https:\/\/defisatsolar.be\/wp-content\/uploads\/2023\/04\/Logo-Defisat-Solar-NV-square-1-e1681204444314-980x551.jpg 980w, https:\/\/defisatsolar.be\/wp-content\/uploads\/2023\/04\/Logo-Defisat-Solar-NV-square-1-e1681204444314-480x270.jpg 480w\" sizes=\"(min-width: 0px) and (max-width: 480px) 480px, (min-width: 481px) and (max-width: 980px) 980px, (min-width: 981px) and (max-width: 1280px) 1280px, (min-width: 1281px) 1634px, 100vw\" \/><\/figure>\n<\/div>\n\n\n\n<div class=\"wp-block-column is-vertically-aligned-center is-layout-flow wp-block-column-is-layout-flow\">\n<h2 class=\"wp-block-heading\">Qui sommes-nous ?<\/h2>\n\n\n\n<p>Avec plus de 15 ans d'exp\u00e9rience, nous connaissons le march\u00e9 comme personne.<\/p>\n\n\n\n<p>Notre \u00e9quipe exp\u00e9riment\u00e9e se fera un plaisir de vous aider dans l'achat, l'installation et la finition des panneaux solaires.<\/p>\n\n\n\n<p>En outre, nous optons pour la meilleure qualit\u00e9, des garanties de produits et des mat\u00e9riaux durables.<\/p>\n<\/div>\n<\/div>\n\n\n\n<div style=\"height:150px\" aria-hidden=\"true\" id=\"prestaties\" class=\"wp-block-spacer\"><\/div>\n\n\n\n<div class=\"wp-block-columns is-layout-flex wp-container-core-columns-is-layout-9d6595d7 wp-block-columns-is-layout-flex\">\n<div class=\"wp-block-column is-vertically-aligned-center is-layout-flow wp-block-column-is-layout-flow\">\n<h2 class=\"wp-block-heading has-text-align-center\">Nos r\u00e9alisations<\/h2>\n\n\n\n<p class=\"has-text-align-center\">Nos installations les plus r\u00e9centes<\/p>\n\n\n\n<div style=\"height:20px\" aria-hidden=\"true\" class=\"wp-block-spacer\"><\/div>\n\n\n\n<figure class=\"wp-block-gallery has-nested-images columns-4 is-cropped fancybox wp-block-gallery-1 is-layout-flex wp-block-gallery-is-layout-flex\">\n<figure class=\"wp-block-image size-large\"><a href=\"https:\/\/defisatsolar.be\/wp-content\/uploads\/2023\/04\/noir-scaled.jpg\"><img loading=\"lazy\" decoding=\"async\" width=\"1024\" height=\"768\" data-id=\"533\" src=\"https:\/\/defisatsolar.be\/wp-content\/uploads\/2023\/04\/noir-1024x768.jpg\" alt=\"\" class=\"wp-image-533\" srcset=\"https:\/\/defisatsolar.be\/wp-content\/uploads\/2023\/04\/noir-980x735.jpg 980w, https:\/\/defisatsolar.be\/wp-content\/uploads\/2023\/04\/noir-480x360.jpg 480w\" sizes=\"(min-width: 0px) and (max-width: 480px) 480px, (min-width: 481px) and (max-width: 980px) 980px, (min-width: 981px) 1024px, 100vw\" \/><\/a><\/figure>\n\n\n\n<figure class=\"wp-block-image size-large\"><a href=\"https:\/\/defisatsolar.be\/wp-content\/uploads\/2023\/04\/20220714_191555-scaled.jpg\"><img loading=\"lazy\" decoding=\"async\" width=\"768\" height=\"1024\" data-id=\"572\" src=\"https:\/\/defisatsolar.be\/wp-content\/uploads\/2023\/04\/20220714_191555-768x1024.jpg\" alt=\"\" class=\"wp-image-572\"\/><\/a><\/figure>\n\n\n\n<figure class=\"wp-block-image size-large\"><a href=\"https:\/\/defisatsolar.be\/wp-content\/uploads\/2023\/04\/normal.jpg\"><img loading=\"lazy\" decoding=\"async\" width=\"1024\" height=\"768\" data-id=\"460\" src=\"https:\/\/defisatsolar.be\/wp-content\/uploads\/2023\/04\/normal-1024x768.jpg\" alt=\"Zonnepanelen installatie\" class=\"wp-image-460\" srcset=\"https:\/\/defisatsolar.be\/wp-content\/uploads\/2023\/04\/normal-980x735.jpg 980w, https:\/\/defisatsolar.be\/wp-content\/uploads\/2023\/04\/normal-480x360.jpg 480w\" sizes=\"(min-width: 0px) and (max-width: 480px) 480px, (min-width: 481px) and (max-width: 980px) 980px, (min-width: 981px) 1024px, 100vw\" \/><\/a><\/figure>\n\n\n\n<figure class=\"wp-block-image size-large\"><a href=\"https:\/\/defisatsolar.be\/wp-content\/uploads\/2023\/04\/toit-industriel-scaled.jpg\"><img loading=\"lazy\" decoding=\"async\" width=\"1024\" height=\"768\" data-id=\"532\" src=\"https:\/\/defisatsolar.be\/wp-content\/uploads\/2023\/04\/toit-industriel-1024x768.jpg\" alt=\"\" class=\"wp-image-532\" srcset=\"https:\/\/defisatsolar.be\/wp-content\/uploads\/2023\/04\/toit-industriel-980x735.jpg 980w, https:\/\/defisatsolar.be\/wp-content\/uploads\/2023\/04\/toit-industriel-480x360.jpg 480w\" sizes=\"(min-width: 0px) and (max-width: 480px) 480px, (min-width: 481px) and (max-width: 980px) 980px, (min-width: 981px) 1024px, 100vw\" \/><\/a><\/figure>\n\n\n\n<figure class=\"wp-block-image size-large\"><a href=\"https:\/\/defisatsolar.be\/wp-content\/uploads\/2023\/04\/sol-scaled.jpg\"><img loading=\"lazy\" decoding=\"async\" width=\"1024\" height=\"768\" data-id=\"531\" src=\"https:\/\/defisatsolar.be\/wp-content\/uploads\/2023\/04\/sol-1024x768.jpg\" alt=\"\" class=\"wp-image-531\" srcset=\"https:\/\/defisatsolar.be\/wp-content\/uploads\/2023\/04\/sol-980x735.jpg 980w, https:\/\/defisatsolar.be\/wp-content\/uploads\/2023\/04\/sol-480x360.jpg 480w\" sizes=\"(min-width: 0px) and (max-width: 480px) 480px, (min-width: 481px) and (max-width: 980px) 980px, (min-width: 981px) 1024px, 100vw\" \/><\/a><\/figure>\n\n\n\n<figure class=\"wp-block-image size-large\"><a href=\"https:\/\/defisatsolar.be\/wp-content\/uploads\/2023\/04\/20220722_130645-scaled-e1680860005942.jpg\"><img loading=\"lazy\" decoding=\"async\" width=\"863\" height=\"1024\" data-id=\"573\" src=\"https:\/\/defisatsolar.be\/wp-content\/uploads\/2023\/04\/20220722_130645-scaled-e1680860005942-863x1024.jpg\" alt=\"\" class=\"wp-image-573\"\/><\/a><\/figure>\n\n\n\n<figure class=\"wp-block-image size-large\"><a href=\"https:\/\/defisatsolar.be\/wp-content\/uploads\/2023\/04\/20230213_121940-scaled.jpg\"><img loading=\"lazy\" decoding=\"async\" width=\"1024\" height=\"768\" data-id=\"567\" src=\"https:\/\/defisatsolar.be\/wp-content\/uploads\/2023\/04\/20230213_121940-1024x768.jpg\" alt=\"\" class=\"wp-image-567\" srcset=\"https:\/\/defisatsolar.be\/wp-content\/uploads\/2023\/04\/20230213_121940-980x735.jpg 980w, https:\/\/defisatsolar.be\/wp-content\/uploads\/2023\/04\/20230213_121940-480x360.jpg 480w\" sizes=\"(min-width: 0px) and (max-width: 480px) 480px, (min-width: 481px) and (max-width: 980px) 980px, (min-width: 981px) 1024px, 100vw\" \/><\/a><\/figure>\n\n\n\n<figure class=\"wp-block-image size-large\"><a href=\"https:\/\/defisatsolar.be\/wp-content\/uploads\/2023\/06\/20230624_212108-scaled.jpg\"><img loading=\"lazy\" decoding=\"async\" width=\"461\" height=\"1024\" data-id=\"925\" src=\"https:\/\/defisatsolar.be\/wp-content\/uploads\/2023\/06\/20230624_212108-461x1024.jpg\" alt=\"\" class=\"wp-image-925\"\/><\/a><\/figure>\n\n\n\n<figure class=\"wp-block-image size-large\"><img loading=\"lazy\" decoding=\"async\" width=\"1024\" height=\"461\" data-id=\"940\" src=\"https:\/\/defisatsolar.be\/wp-content\/uploads\/2023\/06\/20230502_145635-1-1024x461.jpg\" alt=\"\" class=\"wp-image-940\" srcset=\"https:\/\/defisatsolar.be\/wp-content\/uploads\/2023\/06\/20230502_145635-1-980x441.jpg 980w, https:\/\/defisatsolar.be\/wp-content\/uploads\/2023\/06\/20230502_145635-1-480x216.jpg 480w\" sizes=\"(min-width: 0px) and (max-width: 480px) 480px, (min-width: 481px) and (max-width: 980px) 980px, (min-width: 981px) 1024px, 100vw\" \/><\/figure>\n\n\n\n<figure class=\"wp-block-image size-large\"><img loading=\"lazy\" decoding=\"async\" width=\"1024\" height=\"768\" data-id=\"939\" src=\"https:\/\/defisatsolar.be\/wp-content\/uploads\/2023\/06\/image-1-1-1024x768.jpg\" alt=\"\" class=\"wp-image-939\" srcset=\"https:\/\/defisatsolar.be\/wp-content\/uploads\/2023\/06\/image-1-1-980x735.jpg 980w, https:\/\/defisatsolar.be\/wp-content\/uploads\/2023\/06\/image-1-1-480x360.jpg 480w\" sizes=\"(min-width: 0px) and (max-width: 480px) 480px, (min-width: 481px) and (max-width: 980px) 980px, (min-width: 981px) 1024px, 100vw\" \/><\/figure>\n\n\n\n<figure class=\"wp-block-image size-large\"><img loading=\"lazy\" decoding=\"async\" width=\"1024\" height=\"768\" data-id=\"941\" src=\"https:\/\/defisatsolar.be\/wp-content\/uploads\/2023\/06\/IMG_3227-1-1024x768.jpg\" alt=\"\" class=\"wp-image-941\" srcset=\"https:\/\/defisatsolar.be\/wp-content\/uploads\/2023\/06\/IMG_3227-1-980x735.jpg 980w, https:\/\/defisatsolar.be\/wp-content\/uploads\/2023\/06\/IMG_3227-1-480x360.jpg 480w\" sizes=\"(min-width: 0px) and (max-width: 480px) 480px, (min-width: 481px) and (max-width: 980px) 980px, (min-width: 981px) 1024px, 100vw\" \/><\/figure>\n\n\n\n<figure class=\"wp-block-image size-large\"><img loading=\"lazy\" decoding=\"async\" width=\"760\" height=\"396\" data-id=\"942\" src=\"https:\/\/defisatsolar.be\/wp-content\/uploads\/2023\/06\/Schermafbeelding-2023-06-30-142854.jpg\" alt=\"\" class=\"wp-image-942\" srcset=\"https:\/\/defisatsolar.be\/wp-content\/uploads\/2023\/06\/Schermafbeelding-2023-06-30-142854.jpg 760w, https:\/\/defisatsolar.be\/wp-content\/uploads\/2023\/06\/Schermafbeelding-2023-06-30-142854-480x250.jpg 480w\" sizes=\"(min-width: 0px) and (max-width: 480px) 480px, (min-width: 481px) 760px, 100vw\" \/><\/figure>\n\n\n\n<figure class=\"wp-block-image size-large\"><img loading=\"lazy\" decoding=\"async\" width=\"943\" height=\"601\" data-id=\"944\" src=\"https:\/\/defisatsolar.be\/wp-content\/uploads\/2023\/06\/Schermafbeelding-2023-06-30-144237.jpg\" alt=\"\" class=\"wp-image-944\" srcset=\"https:\/\/defisatsolar.be\/wp-content\/uploads\/2023\/06\/Schermafbeelding-2023-06-30-144237.jpg 943w, https:\/\/defisatsolar.be\/wp-content\/uploads\/2023\/06\/Schermafbeelding-2023-06-30-144237-480x306.jpg 480w\" sizes=\"(min-width: 0px) and (max-width: 480px) 480px, (min-width: 481px) 943px, 100vw\" \/><\/figure>\n\n\n\n<figure class=\"wp-block-image size-large\"><img loading=\"lazy\" decoding=\"async\" width=\"659\" height=\"436\" data-id=\"945\" src=\"https:\/\/defisatsolar.be\/wp-content\/uploads\/2023\/06\/Schermafbeelding-2023-06-30-144541-1.jpg\" alt=\"\" class=\"wp-image-945\" srcset=\"https:\/\/defisatsolar.be\/wp-content\/uploads\/2023\/06\/Schermafbeelding-2023-06-30-144541-1.jpg 659w, https:\/\/defisatsolar.be\/wp-content\/uploads\/2023\/06\/Schermafbeelding-2023-06-30-144541-1-480x318.jpg 480w\" sizes=\"(min-width: 0px) and (max-width: 480px) 480px, (min-width: 481px) 659px, 100vw\" \/><\/figure>\n<\/figure>\n<\/div>\n<\/div>\n\n\n\n<div style=\"height:100px\" aria-hidden=\"true\" class=\"wp-block-spacer\"><\/div>\n\n\n\n<h2 class=\"wp-block-heading has-text-align-center\">Chez Defisat Solar, nous faisons toujours briller le soleil !<\/h2>","protected":false},"excerpt":{"rendered":"<p>Defisat est une entreprise familiale en pleine croissance.<\/p>","protected":false},"author":2,"featured_media":802,"parent":0,"menu_order":0,"comment_status":"closed","ping_status":"closed","template":"","meta":{"_et_pb_use_builder":"off","_et_pb_old_content":"<!-- wp:columns -->\n<div class=\"wp-block-columns\"><!-- wp:column -->\n<div class=\"wp-block-column\"><!-- wp:heading {\"textAlign\":\"center\"} -->\n<h2 class=\"wp-block-heading has-text-align-center\">Wij zijn een gekwalificeerd team met meer dan 15 jaar ervaring<\/h2>\n<!-- \/wp:heading -->\n\n<!-- wp:spacer {\"height\":\"150px\"} -->\n<div style=\"height:150px\" aria-hidden=\"true\" class=\"wp-block-spacer\"><\/div>\n<!-- \/wp:spacer --><\/div>\n<!-- \/wp:column --><\/div>\n<!-- \/wp:columns -->\n\n<!-- wp:columns {\"verticalAlignment\":\"center\"} -->\n<div class=\"wp-block-columns are-vertically-aligned-center\"><!-- wp:column {\"verticalAlignment\":\"center\"} -->\n<div class=\"wp-block-column is-vertically-aligned-center\"><!-- wp:image {\"align\":\"center\",\"id\":724,\"sizeSlug\":\"full\",\"linkDestination\":\"none\",\"className\":\"ticss-a1d6819d\",\"hasCustomCSS\":true,\"customCSS\":\".ticss-a1d6819d img {n  object-fit:contain !important;n}n\"} -->\n<figure class=\"wp-block-image aligncenter size-full ticss-a1d6819d\"><img src=\"https:\/\/defisatsolar.be\/wp-content\/uploads\/2023\/04\/Logo-Defisat-Solar-NV-square-1-e1681204444314.jpg\" alt=\"\" class=\"wp-image-724\"\/><\/figure>\n<!-- \/wp:image --><\/div>\n<!-- \/wp:column -->\n\n<!-- wp:column {\"verticalAlignment\":\"center\"} -->\n<div class=\"wp-block-column is-vertically-aligned-center\"><!-- wp:heading -->\n<h2 class=\"wp-block-heading\">Wie zijn we ?<\/h2>\n<!-- \/wp:heading -->\n\n<!-- wp:paragraph -->\n<p>Met meer dan 15 jaar ervaring kennen wij de markt als geen ander.<\/p>\n<!-- \/wp:paragraph -->\n\n<!-- wp:paragraph -->\n<p>Ons ervaren team helpt u graag verder bij de aankoop, installatie en afwerking van zonnepanelen.<\/p>\n<!-- \/wp:paragraph -->\n\n<!-- wp:paragraph -->\n<p>Daarnaast kiezen wij voor de beste kwaliteit, productgaranties en duurzame materialen.<\/p>\n<!-- \/wp:paragraph --><\/div>\n<!-- \/wp:column --><\/div>\n<!-- \/wp:columns -->\n\n<!-- wp:spacer {\"height\":\"150px\"} -->\n<div style=\"height:150px\" aria-hidden=\"true\" id=\"prestaties\" class=\"wp-block-spacer\"><\/div>\n<!-- \/wp:spacer -->\n\n<!-- wp:columns -->\n<div class=\"wp-block-columns\"><!-- wp:column {\"verticalAlignment\":\"center\"} -->\n<div class=\"wp-block-column is-vertically-aligned-center\"><!-- wp:heading {\"textAlign\":\"center\"} -->\n<h2 class=\"wp-block-heading has-text-align-center\">Onze prestaties<\/h2>\n<!-- \/wp:heading -->\n\n<!-- wp:paragraph {\"align\":\"center\"} -->\n<p class=\"has-text-align-center\">Onze meest recente installaties<\/p>\n<!-- \/wp:paragraph -->\n\n<!-- wp:spacer {\"height\":\"20px\"} -->\n<div style=\"height:20px\" aria-hidden=\"true\" class=\"wp-block-spacer\"><\/div>\n<!-- \/wp:spacer -->\n\n<!-- wp:gallery {\"ids\":[572,460,532,531,533,573,567],\"columns\":4,\"linkTo\":\"media\",\"className\":\"fancybox\"} -->\n<figure class=\"wp-block-gallery has-nested-images columns-4 is-cropped fancybox\"><!-- wp:image {\"id\":533,\"sizeSlug\":\"large\",\"linkDestination\":\"media\"} -->\n<figure class=\"wp-block-image size-large\"><a href=\"https:\/\/defisatsolar.be\/wp-content\/uploads\/2023\/04\/noir-scaled.jpg\"><img src=\"https:\/\/defisatsolar.be\/wp-content\/uploads\/2023\/04\/noir-1024x768.jpg\" alt=\"\" class=\"wp-image-533\"\/><\/a><\/figure>\n<!-- \/wp:image -->\n\n<!-- wp:image {\"id\":572,\"sizeSlug\":\"large\",\"linkDestination\":\"media\"} -->\n<figure class=\"wp-block-image size-large\"><a href=\"https:\/\/defisatsolar.be\/wp-content\/uploads\/2023\/04\/20220714_191555-scaled.jpg\"><img src=\"https:\/\/defisatsolar.be\/wp-content\/uploads\/2023\/04\/20220714_191555-768x1024.jpg\" alt=\"\" class=\"wp-image-572\"\/><\/a><\/figure>\n<!-- \/wp:image -->\n\n<!-- wp:image {\"id\":460,\"sizeSlug\":\"large\",\"linkDestination\":\"media\"} -->\n<figure class=\"wp-block-image size-large\"><a href=\"https:\/\/defisatsolar.be\/wp-content\/uploads\/2023\/04\/normal.jpg\"><img src=\"https:\/\/defisatsolar.be\/wp-content\/uploads\/2023\/04\/normal-1024x768.jpg\" alt=\"Zonnepanelen installatie\" class=\"wp-image-460\"\/><\/a><\/figure>\n<!-- \/wp:image -->\n\n<!-- wp:image {\"id\":532,\"sizeSlug\":\"large\",\"linkDestination\":\"media\"} -->\n<figure class=\"wp-block-image size-large\"><a href=\"https:\/\/defisatsolar.be\/wp-content\/uploads\/2023\/04\/toit-industriel-scaled.jpg\"><img src=\"https:\/\/defisatsolar.be\/wp-content\/uploads\/2023\/04\/toit-industriel-1024x768.jpg\" alt=\"\" class=\"wp-image-532\"\/><\/a><\/figure>\n<!-- \/wp:image -->\n\n<!-- wp:image {\"id\":531,\"sizeSlug\":\"large\",\"linkDestination\":\"media\"} -->\n<figure class=\"wp-block-image size-large\"><a href=\"https:\/\/defisatsolar.be\/wp-content\/uploads\/2023\/04\/sol-scaled.jpg\"><img src=\"https:\/\/defisatsolar.be\/wp-content\/uploads\/2023\/04\/sol-1024x768.jpg\" alt=\"\" class=\"wp-image-531\"\/><\/a><\/figure>\n<!-- \/wp:image -->\n\n<!-- wp:image {\"id\":573,\"sizeSlug\":\"large\",\"linkDestination\":\"media\"} -->\n<figure class=\"wp-block-image size-large\"><a href=\"https:\/\/defisatsolar.be\/wp-content\/uploads\/2023\/04\/20220722_130645-scaled-e1680860005942.jpg\"><img src=\"https:\/\/defisatsolar.be\/wp-content\/uploads\/2023\/04\/20220722_130645-scaled-e1680860005942-863x1024.jpg\" alt=\"\" class=\"wp-image-573\"\/><\/a><\/figure>\n<!-- \/wp:image -->\n\n<!-- wp:image {\"id\":567,\"sizeSlug\":\"large\",\"linkDestination\":\"media\"} -->\n<figure class=\"wp-block-image size-large\"><a href=\"https:\/\/defisatsolar.be\/wp-content\/uploads\/2023\/04\/20230213_121940-scaled.jpg\"><img src=\"https:\/\/defisatsolar.be\/wp-content\/uploads\/2023\/04\/20230213_121940-1024x768.jpg\" alt=\"\" class=\"wp-image-567\"\/><\/a><\/figure>\n<!-- \/wp:image --><\/figure>\n<!-- \/wp:gallery --><\/div>\n<!-- \/wp:column --><\/div>\n<!-- \/wp:columns -->\n\n<!-- wp:spacer -->\n<div style=\"height:100px\" aria-hidden=\"true\" class=\"wp-block-spacer\"><\/div>\n<!-- \/wp:spacer -->\n\n<!-- wp:heading {\"textAlign\":\"center\"} -->\n<h2 class=\"wp-block-heading has-text-align-center\">Kies voor Defisat want wij laten de zon altijd schijnen!<\/h2>\n<!-- \/wp:heading -->","_et_gb_content_width":"","_themeisle_gutenberg_block_has_review":false,"footnotes":""},"class_list":["post-65","page","type-page","status-publish","has-post-thumbnail","hentry"],"yoast_head":"<!-- This site is optimized with the Yoast SEO plugin v26.4 - https:\/\/yoast.com\/wordpress\/plugins\/seo\/ -->\n<title>Over Defisat Solar - Defisat Solar<\/title>\n<meta name=\"robots\" content=\"index, follow, max-snippet:-1, max-image-preview:large, max-video-preview:-1\" \/>\n<link rel=\"canonical\" href=\"https:\/\/defisatsolar.be\/fr\/over-defisat-solar\/\" \/>\n<meta property=\"og:locale\" content=\"fr_FR\" \/>\n<meta property=\"og:type\" content=\"article\" \/>\n<meta property=\"og:title\" content=\"Over Defisat Solar - Defisat Solar\" \/>\n<meta property=\"og:description\" content=\"Defisat is een familiebedrijf in volle groei.\" \/>\n<meta property=\"og:url\" content=\"https:\/\/defisatsolar.be\/fr\/over-defisat-solar\/\" \/>\n<meta property=\"og:site_name\" content=\"Defisat Solar\" \/>\n<meta property=\"article:modified_time\" content=\"2023-06-30T13:03:44+00:00\" \/>\n<meta property=\"og:image\" content=\"https:\/\/defisatsolar.be\/wp-content\/uploads\/2023\/04\/Capture-decran-2023-04-24-a-15.01.12-1024x406.png\" \/>\n\t<meta property=\"og:image:width\" content=\"1024\" \/>\n\t<meta property=\"og:image:height\" content=\"406\" \/>\n\t<meta property=\"og:image:type\" content=\"image\/png\" \/>\n<meta name=\"twitter:card\" content=\"summary_large_image\" \/>\n<meta name=\"twitter:label1\" content=\"Dur\u00e9e de lecture est.\" \/>\n\t<meta name=\"twitter:data1\" content=\"4 minutes\" \/>\n<script type=\"application\/ld+json\" class=\"yoast-schema-graph\">{\"@context\":\"https:\/\/schema.org\",\"@graph\":[{\"@type\":\"WebPage\",\"@id\":\"https:\/\/defisatsolar.be\/over-defisat-solar\/\",\"url\":\"https:\/\/defisatsolar.be\/over-defisat-solar\/\",\"name\":\"Over Defisat Solar - Defisat Solar\",\"isPartOf\":{\"@id\":\"https:\/\/defisatsolar.be\/#website\"},\"primaryImageOfPage\":{\"@id\":\"https:\/\/defisatsolar.be\/over-defisat-solar\/#primaryimage\"},\"image\":{\"@id\":\"https:\/\/defisatsolar.be\/over-defisat-solar\/#primaryimage\"},\"thumbnailUrl\":\"https:\/\/defisatsolar.be\/wp-content\/uploads\/2023\/04\/Capture-decran-2023-04-24-a-15.01.12.png\",\"datePublished\":\"2023-03-21T14:04:42+00:00\",\"dateModified\":\"2023-06-30T13:03:44+00:00\",\"breadcrumb\":{\"@id\":\"https:\/\/defisatsolar.be\/over-defisat-solar\/#breadcrumb\"},\"inLanguage\":\"fr-BE\",\"potentialAction\":[{\"@type\":\"ReadAction\",\"target\":[\"https:\/\/defisatsolar.be\/over-defisat-solar\/\"]}]},{\"@type\":\"ImageObject\",\"inLanguage\":\"fr-BE\",\"@id\":\"https:\/\/defisatsolar.be\/over-defisat-solar\/#primaryimage\",\"url\":\"https:\/\/defisatsolar.be\/wp-content\/uploads\/2023\/04\/Capture-decran-2023-04-24-a-15.01.12.png\",\"contentUrl\":\"https:\/\/defisatsolar.be\/wp-content\/uploads\/2023\/04\/Capture-decran-2023-04-24-a-15.01.12.png\",\"width\":2252,\"height\":892},{\"@type\":\"BreadcrumbList\",\"@id\":\"https:\/\/defisatsolar.be\/over-defisat-solar\/#breadcrumb\",\"itemListElement\":[{\"@type\":\"ListItem\",\"position\":1,\"name\":\"Accueil\",\"item\":\"https:\/\/defisatsolar.be\/\"},{\"@type\":\"ListItem\",\"position\":2,\"name\":\"Over Defisat Solar\"}]},{\"@type\":\"WebSite\",\"@id\":\"https:\/\/defisatsolar.be\/#website\",\"url\":\"https:\/\/defisatsolar.be\/\",\"name\":\"Defisat Solar NV\",\"description\":\"Uw partner in solar oplossingen\",\"publisher\":{\"@id\":\"https:\/\/defisatsolar.be\/#organization\"},\"potentialAction\":[{\"@type\":\"SearchAction\",\"target\":{\"@type\":\"EntryPoint\",\"urlTemplate\":\"https:\/\/defisatsolar.be\/?s={search_term_string}\"},\"query-input\":{\"@type\":\"PropertyValueSpecification\",\"valueRequired\":true,\"valueName\":\"search_term_string\"}}],\"inLanguage\":\"fr-BE\"},{\"@type\":\"Organization\",\"@id\":\"https:\/\/defisatsolar.be\/#organization\",\"name\":\"Defisat Solar NV\",\"url\":\"https:\/\/defisatsolar.be\/\",\"logo\":{\"@type\":\"ImageObject\",\"inLanguage\":\"fr-BE\",\"@id\":\"https:\/\/defisatsolar.be\/#\/schema\/logo\/image\/\",\"url\":\"https:\/\/defisatsolar.be\/wp-content\/uploads\/2023\/04\/Logo-Defisat-Solar-NV-square.jpg\",\"contentUrl\":\"https:\/\/defisatsolar.be\/wp-content\/uploads\/2023\/04\/Logo-Defisat-Solar-NV-square.jpg\",\"width\":1634,\"height\":1634,\"caption\":\"Defisat Solar NV\"},\"image\":{\"@id\":\"https:\/\/defisatsolar.be\/#\/schema\/logo\/image\/\"}}]}<\/script>\n<!-- \/ Yoast SEO plugin. -->","yoast_head_json":{"title":"Over Defisat Solar - Defisat Solar","robots":{"index":"index","follow":"follow","max-snippet":"max-snippet:-1","max-image-preview":"max-image-preview:large","max-video-preview":"max-video-preview:-1"},"canonical":"https:\/\/defisatsolar.be\/fr\/over-defisat-solar\/","og_locale":"fr_FR","og_type":"article","og_title":"Over Defisat Solar - Defisat Solar","og_description":"Defisat is een familiebedrijf in volle groei.","og_url":"https:\/\/defisatsolar.be\/fr\/over-defisat-solar\/","og_site_name":"Defisat Solar","article_modified_time":"2023-06-30T13:03:44+00:00","og_image":[{"width":1024,"height":406,"url":"https:\/\/defisatsolar.be\/wp-content\/uploads\/2023\/04\/Capture-decran-2023-04-24-a-15.01.12-1024x406.png","type":"image\/png"}],"twitter_card":"summary_large_image","twitter_misc":{"Dur\u00e9e de lecture est.":"4 minutes"},"schema":{"@context":"https:\/\/schema.org","@graph":[{"@type":"WebPage","@id":"https:\/\/defisatsolar.be\/over-defisat-solar\/","url":"https:\/\/defisatsolar.be\/over-defisat-solar\/","name":"Over Defisat Solar - Defisat Solar","isPartOf":{"@id":"https:\/\/defisatsolar.be\/#website"},"primaryImageOfPage":{"@id":"https:\/\/defisatsolar.be\/over-defisat-solar\/#primaryimage"},"image":{"@id":"https:\/\/defisatsolar.be\/over-defisat-solar\/#primaryimage"},"thumbnailUrl":"https:\/\/defisatsolar.be\/wp-content\/uploads\/2023\/04\/Capture-decran-2023-04-24-a-15.01.12.png","datePublished":"2023-03-21T14:04:42+00:00","dateModified":"2023-06-30T13:03:44+00:00","breadcrumb":{"@id":"https:\/\/defisatsolar.be\/over-defisat-solar\/#breadcrumb"},"inLanguage":"fr-BE","potentialAction":[{"@type":"ReadAction","target":["https:\/\/defisatsolar.be\/over-defisat-solar\/"]}]},{"@type":"ImageObject","inLanguage":"fr-BE","@id":"https:\/\/defisatsolar.be\/over-defisat-solar\/#primaryimage","url":"https:\/\/defisatsolar.be\/wp-content\/uploads\/2023\/04\/Capture-decran-2023-04-24-a-15.01.12.png","contentUrl":"https:\/\/defisatsolar.be\/wp-content\/uploads\/2023\/04\/Capture-decran-2023-04-24-a-15.01.12.png","width":2252,"height":892},{"@type":"BreadcrumbList","@id":"https:\/\/defisatsolar.be\/over-defisat-solar\/#breadcrumb","itemListElement":[{"@type":"ListItem","position":1,"name":"Accueil","item":"https:\/\/defisatsolar.be\/"},{"@type":"ListItem","position":2,"name":"Over Defisat Solar"}]},{"@type":"WebSite","@id":"https:\/\/defisatsolar.be\/#website","url":"https:\/\/defisatsolar.be\/","name":"Defisat Solar NV","description":"Uw partner in solar oplossingen","publisher":{"@id":"https:\/\/defisatsolar.be\/#organization"},"potentialAction":[{"@type":"SearchAction","target":{"@type":"EntryPoint","urlTemplate":"https:\/\/defisatsolar.be\/?s={search_term_string}"},"query-input":{"@type":"PropertyValueSpecification","valueRequired":true,"valueName":"search_term_string"}}],"inLanguage":"fr-BE"},{"@type":"Organization","@id":"https:\/\/defisatsolar.be\/#organization","name":"Defisat Solar NV","url":"https:\/\/defisatsolar.be\/","logo":{"@type":"ImageObject","inLanguage":"fr-BE","@id":"https:\/\/defisatsolar.be\/#\/schema\/logo\/image\/","url":"https:\/\/defisatsolar.be\/wp-content\/uploads\/2023\/04\/Logo-Defisat-Solar-NV-square.jpg","contentUrl":"https:\/\/defisatsolar.be\/wp-content\/uploads\/2023\/04\/Logo-Defisat-Solar-NV-square.jpg","width":1634,"height":1634,"caption":"Defisat Solar NV"},"image":{"@id":"https:\/\/defisatsolar.be\/#\/schema\/logo\/image\/"}}]}},"_links":{"self":[{"href":"https:\/\/defisatsolar.be\/fr\/wp-json\/wp\/v2\/pages\/65","targetHints":{"allow":["GET"]}}],"collection":[{"href":"https:\/\/defisatsolar.be\/fr\/wp-json\/wp\/v2\/pages"}],"about":[{"href":"https:\/\/defisatsolar.be\/fr\/wp-json\/wp\/v2\/types\/page"}],"author":[{"embeddable":true,"href":"https:\/\/defisatsolar.be\/fr\/wp-json\/wp\/v2\/users\/2"}],"replies":[{"embeddable":true,"href":"https:\/\/defisatsolar.be\/fr\/wp-json\/wp\/v2\/comments?post=65"}],"version-history":[{"count":31,"href":"https:\/\/defisatsolar.be\/fr\/wp-json\/wp\/v2\/pages\/65\/revisions"}],"predecessor-version":[{"id":946,"href":"https:\/\/defisatsolar.be\/fr\/wp-json\/wp\/v2\/pages\/65\/revisions\/946"}],"wp:featuredmedia":[{"embeddable":true,"href":"https:\/\/defisatsolar.be\/fr\/wp-json\/wp\/v2\/media\/802"}],"wp:attachment":[{"href":"https:\/\/defisatsolar.be\/fr\/wp-json\/wp\/v2\/media?parent=65"}],"curies":[{"name":"wp","href":"https:\/\/api.w.org\/{rel}","templated":true}]}}