{"id":73,"date":"2023-03-21T15:05:49","date_gmt":"2023-03-21T14:05:49","guid":{"rendered":"https:\/\/defisatsolar.be\/?page_id=73"},"modified":"2023-04-19T11:38:25","modified_gmt":"2023-04-19T09:38:25","slug":"laadpalen-installatie","status":"publish","type":"page","link":"https:\/\/defisatsolar.be\/fr\/laadpalen-installatie\/","title":{"rendered":"Installation de bornes de recharge"},"content":{"rendered":"<div class=\"wp-block-columns are-vertically-aligned-center is-layout-flex wp-container-core-columns-is-layout-9d6595d7 wp-block-columns-is-layout-flex\">\n<div class=\"wp-block-column is-vertically-aligned-center is-layout-flow wp-block-column-is-layout-flow\">\n<figure class=\"wp-block-image size-full\"><img loading=\"lazy\" decoding=\"async\" width=\"854\" height=\"679\" src=\"https:\/\/defisatsolar.be\/wp-content\/uploads\/2023\/04\/Easee-Laadpalen.jpg\" alt=\"Easee Home Laadpalen\" class=\"wp-image-482\" srcset=\"https:\/\/defisatsolar.be\/wp-content\/uploads\/2023\/04\/Easee-Laadpalen.jpg 854w, https:\/\/defisatsolar.be\/wp-content\/uploads\/2023\/04\/Easee-Laadpalen-480x382.jpg 480w\" sizes=\"(min-width: 0px) and (max-width: 480px) 480px, (min-width: 481px) 854px, 100vw\" \/><\/figure>\n<\/div>\n\n\n\n<div class=\"wp-block-column is-vertically-aligned-center is-layout-flow wp-block-column-is-layout-flow\">\n<h2 class=\"wp-block-heading\">Fonction de charge intelligente<\/h2>\n\n\n\n<p>Easee Home est intelligent et s'adapte \u00e0 tous les v\u00e9hicules \u00e9lectriques, \u00e0 toutes les tensions de r\u00e9seau et \u00e0 tous les r\u00e9seaux. Le robot de charge d\u00e9tecte automatiquement si la voiture est compatible avec le courant triphas\u00e9 ou non. Il n'est pas n\u00e9cessaire de r\u00e9fl\u00e9chir aux sp\u00e9cifications techniques, l'Easee Home s'adapte toujours aux besoins de la voiture et fournit la puissance maximale disponible \u00e0 votre domicile.<\/p>\n<\/div>\n<\/div>\n\n\n\n<div style=\"height:100px\" aria-hidden=\"true\" class=\"wp-block-spacer\"><\/div>\n\n\n\n<div class=\"wp-block-columns are-vertically-aligned-center is-layout-flex wp-container-core-columns-is-layout-9d6595d7 wp-block-columns-is-layout-flex\">\n<div class=\"wp-block-column is-vertically-aligned-center is-layout-flow wp-block-column-is-layout-flow\">\n<figure class=\"wp-block-image aligncenter size-large\"><img loading=\"lazy\" decoding=\"async\" width=\"1024\" height=\"460\" src=\"https:\/\/defisatsolar.be\/wp-content\/uploads\/2023\/04\/voordelen-easee-1024x460.jpg\" alt=\"Laadpalen installatie\" class=\"wp-image-485\" srcset=\"https:\/\/defisatsolar.be\/wp-content\/uploads\/2023\/04\/voordelen-easee-1024x460.jpg 1024w, https:\/\/defisatsolar.be\/wp-content\/uploads\/2023\/04\/voordelen-easee-980x440.jpg 980w, https:\/\/defisatsolar.be\/wp-content\/uploads\/2023\/04\/voordelen-easee-480x215.jpg 480w\" sizes=\"(min-width: 0px) and (max-width: 480px) 480px, (min-width: 481px) and (max-width: 980px) 980px, (min-width: 981px) 1024px, 100vw\" \/><\/figure>\n\n\n\n<h2 class=\"wp-block-heading has-text-align-center\">Avantages<\/h2>\n\n\n\n<div class=\"wp-block-columns is-layout-flex wp-container-core-columns-is-layout-9d6595d7 wp-block-columns-is-layout-flex\">\n<div class=\"wp-block-column is-layout-flow wp-block-column-is-layout-flow\" style=\"flex-basis:20%\"><\/div>\n\n\n\n<div class=\"wp-block-column is-layout-flow wp-block-column-is-layout-flow\" style=\"flex-basis:50%\">\n<ul class=\"wp-block-list\">\n<li>Puissance de charge enti\u00e8rement dynamique 1,4-22 kW (charge monophas\u00e9e et triphas\u00e9e) R\u00e9partition de la charge jusqu'\u00e0 3 unit\u00e9s par fusible sans infrastructure suppl\u00e9mentaire (sans fil)<\/li>\n\n\n\n<li>Syst\u00e8me de file d'attente automatique<\/li>\n\n\n\n<li>L'\u00e9quilibrage des charges et des phases fonctionne hors ligneConnectivit\u00e9 WifiInt\u00e9gration d'une eSIM dans chaque bo\u00eetier, abonnement gratuit \u00e0 vie<\/li>\n\n\n\n<li>Verrouillage permanent du c\u00e2ble de type 2<\/li>\n\n\n\n<li>Protection int\u00e9gr\u00e9e contre les d\u00e9fauts \u00e0 la terre (RCD)<\/li>\n\n\n\n<li>Lecteur RFID int\u00e9gr\u00e9 (NFC \/ ISO 14443 et MIFARE Classic\u00ae)<\/li>\n\n\n\n<li>Mesure de l'\u00e9nergie (+\/- 2 %), pour la lecture de la consommation de charge<\/li>\n\n\n\n<li>Le bo\u00eetier est 69% plus petit que les autres solutions et ne p\u00e8se que 1,5 kg<\/li>\n\n\n\n<li>Garantie de 3 ans <\/li>\n\n\n\n<li>Universel, s'adapte \u00e0 tous les types de voitures \u00e9lectriques et d'alimentations. <\/li>\n\n\n\n<li>Contr\u00f4le total avec l'application Easee ou l'interface Wi-Fi locale<\/li>\n\n\n\n<li>Vous choisissez la couleur<\/li>\n<\/ul>\n<\/div>\n\n\n\n<div class=\"wp-block-column is-layout-flow wp-block-column-is-layout-flow\" style=\"flex-basis:20%\"><\/div>\n<\/div>\n<\/div>\n<\/div>\n\n\n\n<h2 class=\"wp-block-heading has-text-align-center\">Notre marque partenaire pour l'installation de nos stations de recharge<\/h2>\n\n\n\n<figure class=\"wp-block-image aligncenter size-full is-resized ticss-ca98513c\"><img loading=\"lazy\" decoding=\"async\" src=\"https:\/\/defisatsolar.be\/wp-content\/uploads\/2023\/04\/easee-logo.png\" alt=\"easee logo\" class=\"wp-image-474\" width=\"221\" height=\"37\"\/><\/figure>","protected":false},"excerpt":{"rendered":"<p>Fonction de charge intelligente<\/p>","protected":false},"author":2,"featured_media":784,"parent":0,"menu_order":0,"comment_status":"closed","ping_status":"closed","template":"","meta":{"_et_pb_use_builder":"off","_et_pb_old_content":"","_et_gb_content_width":"","_themeisle_gutenberg_block_has_review":false,"footnotes":""},"class_list":["post-73","page","type-page","status-publish","has-post-thumbnail","hentry"],"yoast_head":"<!-- This site is optimized with the Yoast SEO plugin v26.4 - https:\/\/yoast.com\/wordpress\/plugins\/seo\/ -->\n<title>Laadpalen Installatie - Defisat Solar<\/title>\n<meta name=\"description\" content=\"Wij doen uw laadpalen installaties om het rendement van uw zonnepanelen te maximaliseren. Profiteer van de functies van uw laadpalen.\" \/>\n<meta name=\"robots\" content=\"index, follow, max-snippet:-1, max-image-preview:large, max-video-preview:-1\" \/>\n<link rel=\"canonical\" href=\"https:\/\/defisatsolar.be\/fr\/laadpalen-installatie\/\" \/>\n<meta property=\"og:locale\" content=\"fr_FR\" \/>\n<meta property=\"og:type\" content=\"article\" \/>\n<meta property=\"og:title\" content=\"Laadpalen Installatie - Defisat Solar\" \/>\n<meta property=\"og:description\" content=\"Wij doen uw laadpalen installaties om het rendement van uw zonnepanelen te maximaliseren. Profiteer van de functies van uw laadpalen.\" \/>\n<meta property=\"og:url\" content=\"https:\/\/defisatsolar.be\/fr\/laadpalen-installatie\/\" \/>\n<meta property=\"og:site_name\" content=\"Defisat Solar\" \/>\n<meta property=\"article:modified_time\" content=\"2023-04-19T09:38:25+00:00\" \/>\n<meta property=\"og:image\" content=\"https:\/\/defisatsolar.be\/wp-content\/uploads\/2023\/04\/laadpalen-banner.jpg\" \/>\n\t<meta property=\"og:image:width\" content=\"2279\" \/>\n\t<meta property=\"og:image:height\" content=\"600\" \/>\n\t<meta property=\"og:image:type\" content=\"image\/jpeg\" \/>\n<meta name=\"twitter:card\" content=\"summary_large_image\" \/>\n<meta name=\"twitter:label1\" content=\"Dur\u00e9e de lecture est.\" \/>\n\t<meta name=\"twitter:data1\" content=\"2 minutes\" \/>\n<script type=\"application\/ld+json\" class=\"yoast-schema-graph\">{\"@context\":\"https:\/\/schema.org\",\"@graph\":[{\"@type\":\"WebPage\",\"@id\":\"https:\/\/defisatsolar.be\/laadpalen-installatie\/\",\"url\":\"https:\/\/defisatsolar.be\/laadpalen-installatie\/\",\"name\":\"Laadpalen Installatie - Defisat Solar\",\"isPartOf\":{\"@id\":\"https:\/\/defisatsolar.be\/#website\"},\"primaryImageOfPage\":{\"@id\":\"https:\/\/defisatsolar.be\/laadpalen-installatie\/#primaryimage\"},\"image\":{\"@id\":\"https:\/\/defisatsolar.be\/laadpalen-installatie\/#primaryimage\"},\"thumbnailUrl\":\"https:\/\/defisatsolar.be\/wp-content\/uploads\/2023\/04\/laadpalen-banner.jpg\",\"datePublished\":\"2023-03-21T14:05:49+00:00\",\"dateModified\":\"2023-04-19T09:38:25+00:00\",\"description\":\"Wij doen uw laadpalen installaties om het rendement van uw zonnepanelen te maximaliseren. Profiteer van de functies van uw laadpalen.\",\"breadcrumb\":{\"@id\":\"https:\/\/defisatsolar.be\/laadpalen-installatie\/#breadcrumb\"},\"inLanguage\":\"fr-BE\",\"potentialAction\":[{\"@type\":\"ReadAction\",\"target\":[\"https:\/\/defisatsolar.be\/laadpalen-installatie\/\"]}]},{\"@type\":\"ImageObject\",\"inLanguage\":\"fr-BE\",\"@id\":\"https:\/\/defisatsolar.be\/laadpalen-installatie\/#primaryimage\",\"url\":\"https:\/\/defisatsolar.be\/wp-content\/uploads\/2023\/04\/laadpalen-banner.jpg\",\"contentUrl\":\"https:\/\/defisatsolar.be\/wp-content\/uploads\/2023\/04\/laadpalen-banner.jpg\",\"width\":2279,\"height\":600},{\"@type\":\"BreadcrumbList\",\"@id\":\"https:\/\/defisatsolar.be\/laadpalen-installatie\/#breadcrumb\",\"itemListElement\":[{\"@type\":\"ListItem\",\"position\":1,\"name\":\"Accueil\",\"item\":\"https:\/\/defisatsolar.be\/\"},{\"@type\":\"ListItem\",\"position\":2,\"name\":\"Laadpalen installatie\"}]},{\"@type\":\"WebSite\",\"@id\":\"https:\/\/defisatsolar.be\/#website\",\"url\":\"https:\/\/defisatsolar.be\/\",\"name\":\"Defisat Solar NV\",\"description\":\"Uw partner in solar oplossingen\",\"publisher\":{\"@id\":\"https:\/\/defisatsolar.be\/#organization\"},\"potentialAction\":[{\"@type\":\"SearchAction\",\"target\":{\"@type\":\"EntryPoint\",\"urlTemplate\":\"https:\/\/defisatsolar.be\/?s={search_term_string}\"},\"query-input\":{\"@type\":\"PropertyValueSpecification\",\"valueRequired\":true,\"valueName\":\"search_term_string\"}}],\"inLanguage\":\"fr-BE\"},{\"@type\":\"Organization\",\"@id\":\"https:\/\/defisatsolar.be\/#organization\",\"name\":\"Defisat Solar NV\",\"url\":\"https:\/\/defisatsolar.be\/\",\"logo\":{\"@type\":\"ImageObject\",\"inLanguage\":\"fr-BE\",\"@id\":\"https:\/\/defisatsolar.be\/#\/schema\/logo\/image\/\",\"url\":\"https:\/\/defisatsolar.be\/wp-content\/uploads\/2023\/04\/Logo-Defisat-Solar-NV-square.jpg\",\"contentUrl\":\"https:\/\/defisatsolar.be\/wp-content\/uploads\/2023\/04\/Logo-Defisat-Solar-NV-square.jpg\",\"width\":1634,\"height\":1634,\"caption\":\"Defisat Solar NV\"},\"image\":{\"@id\":\"https:\/\/defisatsolar.be\/#\/schema\/logo\/image\/\"}}]}<\/script>\n<!-- \/ Yoast SEO plugin. -->","yoast_head_json":{"title":"Laadpalen Installatie - Defisat Solar","description":"Wij doen uw laadpalen installaties om het rendement van uw zonnepanelen te maximaliseren. Profiteer van de functies van uw laadpalen.","robots":{"index":"index","follow":"follow","max-snippet":"max-snippet:-1","max-image-preview":"max-image-preview:large","max-video-preview":"max-video-preview:-1"},"canonical":"https:\/\/defisatsolar.be\/fr\/laadpalen-installatie\/","og_locale":"fr_FR","og_type":"article","og_title":"Laadpalen Installatie - Defisat Solar","og_description":"Wij doen uw laadpalen installaties om het rendement van uw zonnepanelen te maximaliseren. Profiteer van de functies van uw laadpalen.","og_url":"https:\/\/defisatsolar.be\/fr\/laadpalen-installatie\/","og_site_name":"Defisat Solar","article_modified_time":"2023-04-19T09:38:25+00:00","og_image":[{"width":2279,"height":600,"url":"https:\/\/defisatsolar.be\/wp-content\/uploads\/2023\/04\/laadpalen-banner.jpg","type":"image\/jpeg"}],"twitter_card":"summary_large_image","twitter_misc":{"Dur\u00e9e de lecture est.":"2 minutes"},"schema":{"@context":"https:\/\/schema.org","@graph":[{"@type":"WebPage","@id":"https:\/\/defisatsolar.be\/laadpalen-installatie\/","url":"https:\/\/defisatsolar.be\/laadpalen-installatie\/","name":"Laadpalen Installatie - Defisat Solar","isPartOf":{"@id":"https:\/\/defisatsolar.be\/#website"},"primaryImageOfPage":{"@id":"https:\/\/defisatsolar.be\/laadpalen-installatie\/#primaryimage"},"image":{"@id":"https:\/\/defisatsolar.be\/laadpalen-installatie\/#primaryimage"},"thumbnailUrl":"https:\/\/defisatsolar.be\/wp-content\/uploads\/2023\/04\/laadpalen-banner.jpg","datePublished":"2023-03-21T14:05:49+00:00","dateModified":"2023-04-19T09:38:25+00:00","description":"Wij doen uw laadpalen installaties om het rendement van uw zonnepanelen te maximaliseren. Profiteer van de functies van uw laadpalen.","breadcrumb":{"@id":"https:\/\/defisatsolar.be\/laadpalen-installatie\/#breadcrumb"},"inLanguage":"fr-BE","potentialAction":[{"@type":"ReadAction","target":["https:\/\/defisatsolar.be\/laadpalen-installatie\/"]}]},{"@type":"ImageObject","inLanguage":"fr-BE","@id":"https:\/\/defisatsolar.be\/laadpalen-installatie\/#primaryimage","url":"https:\/\/defisatsolar.be\/wp-content\/uploads\/2023\/04\/laadpalen-banner.jpg","contentUrl":"https:\/\/defisatsolar.be\/wp-content\/uploads\/2023\/04\/laadpalen-banner.jpg","width":2279,"height":600},{"@type":"BreadcrumbList","@id":"https:\/\/defisatsolar.be\/laadpalen-installatie\/#breadcrumb","itemListElement":[{"@type":"ListItem","position":1,"name":"Accueil","item":"https:\/\/defisatsolar.be\/"},{"@type":"ListItem","position":2,"name":"Laadpalen installatie"}]},{"@type":"WebSite","@id":"https:\/\/defisatsolar.be\/#website","url":"https:\/\/defisatsolar.be\/","name":"Defisat Solar NV","description":"Uw partner in solar oplossingen","publisher":{"@id":"https:\/\/defisatsolar.be\/#organization"},"potentialAction":[{"@type":"SearchAction","target":{"@type":"EntryPoint","urlTemplate":"https:\/\/defisatsolar.be\/?s={search_term_string}"},"query-input":{"@type":"PropertyValueSpecification","valueRequired":true,"valueName":"search_term_string"}}],"inLanguage":"fr-BE"},{"@type":"Organization","@id":"https:\/\/defisatsolar.be\/#organization","name":"Defisat Solar NV","url":"https:\/\/defisatsolar.be\/","logo":{"@type":"ImageObject","inLanguage":"fr-BE","@id":"https:\/\/defisatsolar.be\/#\/schema\/logo\/image\/","url":"https:\/\/defisatsolar.be\/wp-content\/uploads\/2023\/04\/Logo-Defisat-Solar-NV-square.jpg","contentUrl":"https:\/\/defisatsolar.be\/wp-content\/uploads\/2023\/04\/Logo-Defisat-Solar-NV-square.jpg","width":1634,"height":1634,"caption":"Defisat Solar NV"},"image":{"@id":"https:\/\/defisatsolar.be\/#\/schema\/logo\/image\/"}}]}},"_links":{"self":[{"href":"https:\/\/defisatsolar.be\/fr\/wp-json\/wp\/v2\/pages\/73","targetHints":{"allow":["GET"]}}],"collection":[{"href":"https:\/\/defisatsolar.be\/fr\/wp-json\/wp\/v2\/pages"}],"about":[{"href":"https:\/\/defisatsolar.be\/fr\/wp-json\/wp\/v2\/types\/page"}],"author":[{"embeddable":true,"href":"https:\/\/defisatsolar.be\/fr\/wp-json\/wp\/v2\/users\/2"}],"replies":[{"embeddable":true,"href":"https:\/\/defisatsolar.be\/fr\/wp-json\/wp\/v2\/comments?post=73"}],"version-history":[{"count":8,"href":"https:\/\/defisatsolar.be\/fr\/wp-json\/wp\/v2\/pages\/73\/revisions"}],"predecessor-version":[{"id":737,"href":"https:\/\/defisatsolar.be\/fr\/wp-json\/wp\/v2\/pages\/73\/revisions\/737"}],"wp:featuredmedia":[{"embeddable":true,"href":"https:\/\/defisatsolar.be\/fr\/wp-json\/wp\/v2\/media\/784"}],"wp:attachment":[{"href":"https:\/\/defisatsolar.be\/fr\/wp-json\/wp\/v2\/media?parent=73"}],"curies":[{"name":"wp","href":"https:\/\/api.w.org\/{rel}","templated":true}]}}