{"id":907,"date":"2023-06-16T14:43:14","date_gmt":"2023-06-16T12:43:14","guid":{"rendered":"https:\/\/defisatsolar.be\/?page_id=907"},"modified":"2023-06-30T16:42:12","modified_gmt":"2023-06-30T14:42:12","slug":"privacybeleid","status":"publish","type":"page","link":"https:\/\/defisatsolar.be\/fr\/privacybeleid\/","title":{"rendered":"Politique de confidentialit\u00e9"},"content":{"rendered":"<h2 class=\"wp-block-heading\">Qui sommes-nous ?<\/h2>\n\n\n\n<p>L'adresse de notre site web est : https:\/\/defisatsolar.be.<\/p>\n\n\n\n<h2 class=\"wp-block-heading\">Commentaires<\/h2>\n\n\n\n<p>Lorsque les visiteurs laissent des commentaires sur le site web, nous collectons les donn\u00e9es figurant dans le formulaire de commentaire, l'adresse IP du visiteur et l'agent utilisateur du navigateur afin de lutter contre le spam.<\/p>\n\n\n\n<p>Une cha\u00eene anonyme cr\u00e9\u00e9e \u00e0 partir de votre adresse \u00e9lectronique (\u00e9galement appel\u00e9e \"hash\") peut \u00eatre envoy\u00e9e au service Gravatar si vous l'utilisez. La page relative \u00e0 la politique de confidentialit\u00e9 se trouve \u00e0 l'adresse suivante : https:\/\/automattic.com\/privacy\/. Une fois votre commentaire approuv\u00e9, votre photo de profil est visible publiquement dans le contexte de votre commentaire.<\/p>\n\n\n\n<h2 class=\"wp-block-heading\">M\u00e9dias<\/h2>\n\n\n\n<p>Lorsque vous t\u00e9l\u00e9chargez des images sur le site web, vous devez \u00e9viter de t\u00e9l\u00e9charger des images contenant des donn\u00e9es de localisation GPS (donn\u00e9es EXIF). Les visiteurs du site web peuvent t\u00e9l\u00e9charger les images \u00e0 partir de votre site web et voir ces donn\u00e9es de localisation.<\/p>\n\n\n\n<h2 class=\"wp-block-heading\">Cookies<\/h2>\n\n\n\n<p>Lorsque vous laissez un commentaire sur notre site web, vous pouvez pr\u00e9ciser si vous souhaitez que votre nom, votre adresse \u00e9lectronique et votre site web soient stock\u00e9s dans un cookie. Nous le faisons pour votre commodit\u00e9, afin que vous n'ayez pas \u00e0 saisir \u00e0 nouveau ces informations pour un nouveau commentaire. Ces cookies ont une dur\u00e9e de validit\u00e9 d'un an.<\/p>\n\n\n\n<p>Si vous avez un compte et que vous vous connectez \u00e0 ce site web, nous stockons un cookie temporaire pour d\u00e9terminer si votre navigateur accepte les cookies. Ce cookie ne contient aucune donn\u00e9e personnelle et est supprim\u00e9 d\u00e8s que vous fermez votre navigateur.<\/p>\n\n\n\n<p>Lorsque vous vous connectez, nous stockons certains cookies li\u00e9s \u00e0 vos informations de connexion et aux options d'affichage de l'\u00e9cran. Les cookies de connexion sont valables pendant deux jours et les cookies relatifs aux options d'affichage de l'\u00e9cran sont valables pendant un an. Si vous s\u00e9lectionnez \"Se souvenir de moi\", vos informations de connexion seront sauvegard\u00e9es pendant 2 semaines. Lorsque vous vous d\u00e9connectez de votre compte, les cookies de connexion sont supprim\u00e9s.<\/p>\n\n\n\n<p>Lorsque vous modifiez ou publiez un article, un cookie suppl\u00e9mentaire est stock\u00e9 par votre navigateur.Ce cookie ne contient aucune donn\u00e9e personnelle et contient uniquement l'identifiant de l'article que vous avez modifi\u00e9.Ce cookie expire au bout d'un jour.<\/p>\n\n\n\n<p>Lorsque vous remplissez un formulaire, vos informations cod\u00e9es sont collect\u00e9es \u00e0 des fins professionnelles et ne sont pas utilis\u00e9es \u00e0 des fins publicitaires.<\/p>\n\n\n\n<p>Lorsque vous visitez le site, vos donn\u00e9es sont collect\u00e9es \u00e0 des fins publicitaires. Si vous ne souhaitez pas \u00eatre suivi, vous pouvez refuser les cookies d'Analytics. Vos donn\u00e9es ne seront alors pas collect\u00e9es pour les campagnes de Google.<\/p>\n\n\n\n<h2 class=\"wp-block-heading\">Contenu int\u00e9gr\u00e9 d'autres sites web<\/h2>\n\n\n\n<p>Berichten op deze website kunnen ingesloten (embedded) inhoud bevatten. Bijvoorbeeld video&#8217;s, afbeeldingen, berichten, enz. Ingesloten inhoud van andere websites gedraagt zich exact hetzelfde alsof de bezoeker deze andere website heeft bezocht.<\/p>\n\n\n\n<p>Ces sites web peuvent collecter des donn\u00e9es vous concernant, utiliser des cookies, int\u00e9grer un suivi par des tiers et surveiller votre interaction avec ce contenu int\u00e9gr\u00e9, y compris l'interaction avec le contenu int\u00e9gr\u00e9 si vous avez un compte et que vous \u00eates connect\u00e9 \u00e0 ce site web.<\/p>\n\n\n\n<h2 class=\"wp-block-heading\">Avec qui partageons-nous vos donn\u00e9es ?<\/h2>\n\n\n\n<p>Si vous demandez une r\u00e9initialisation de votre mot de passe, votre adresse IP sera incluse dans l'e-mail de r\u00e9initialisation.<\/p>\n\n\n\n<h2 class=\"wp-block-heading\">Dur\u00e9e de conservation des donn\u00e9es<\/h2>\n\n\n\n<p>Lorsque vous laissez un commentaire, ce commentaire et ses m\u00e9tadonn\u00e9es sont stock\u00e9s pour toujours. De cette mani\u00e8re, nous pouvons reconna\u00eetre et approuver automatiquement les commentaires suivants, sans avoir \u00e0 les mod\u00e9rer.<\/p>\n\n\n\n<p>Pour les utilisateurs qui s'inscrivent sur notre site web (le cas \u00e9ch\u00e9ant), nous stockons \u00e9galement des informations personnelles dans leur profil d'utilisateur. Tous les utilisateurs peuvent consulter, modifier ou supprimer leurs informations personnelles \u00e0 tout moment (seul le nom d'utilisateur ne peut \u00eatre modifi\u00e9). Les administrateurs du site web peuvent \u00e9galement consulter et modifier ces informations.<\/p>\n\n\n\n<h2 class=\"wp-block-heading\">Quels sont les droits que vous conf\u00e8rent vos propres donn\u00e9es ?<\/h2>\n\n\n\n<p>Si vous avez un compte sur ce site web ou si vous avez publi\u00e9 des commentaires, vous pouvez demander un fichier d'exportation des donn\u00e9es personnelles que nous d\u00e9tenons \u00e0 votre sujet, y compris toutes les donn\u00e9es que vous nous avez fournies. Vous pouvez \u00e9galement nous demander de supprimer les donn\u00e9es personnelles que nous d\u00e9tenons \u00e0 votre sujet. Cela n'inclut pas les donn\u00e9es que nous sommes tenus de conserver \u00e0 des fins administratives, juridiques ou de s\u00e9curit\u00e9.<\/p>\n\n\n\n<h2 class=\"wp-block-heading\">O\u00f9 vos donn\u00e9es seront-elles envoy\u00e9es ?<\/h2>\n\n\n\n<p>Les commentaires des visiteurs peuvent \u00eatre contr\u00f4l\u00e9s par un service automatis\u00e9 de d\u00e9tection des spams.<\/p>","protected":false},"excerpt":{"rendered":"<p>&#038;nbsp<\/p>","protected":false},"author":2,"featured_media":0,"parent":0,"menu_order":0,"comment_status":"closed","ping_status":"closed","template":"","meta":{"_et_pb_use_builder":"","_et_pb_old_content":"","_et_gb_content_width":"","_themeisle_gutenberg_block_has_review":false,"footnotes":""},"class_list":["post-907","page","type-page","status-publish","hentry"],"yoast_head":"<!-- This site is optimized with the Yoast SEO plugin v26.4 - https:\/\/yoast.com\/wordpress\/plugins\/seo\/ -->\n<title>Privacybeleid - Defisat Solar<\/title>\n<meta name=\"robots\" content=\"index, follow, max-snippet:-1, max-image-preview:large, max-video-preview:-1\" \/>\n<link rel=\"canonical\" href=\"https:\/\/defisatsolar.be\/fr\/privacybeleid\/\" \/>\n<meta property=\"og:locale\" content=\"fr_FR\" \/>\n<meta property=\"og:type\" content=\"article\" \/>\n<meta property=\"og:title\" content=\"Privacybeleid - Defisat Solar\" \/>\n<meta property=\"og:description\" content=\"&amp;nbsp\" \/>\n<meta property=\"og:url\" content=\"https:\/\/defisatsolar.be\/fr\/privacybeleid\/\" \/>\n<meta property=\"og:site_name\" content=\"Defisat Solar\" \/>\n<meta property=\"article:modified_time\" content=\"2023-06-30T14:42:12+00:00\" \/>\n<meta property=\"og:image\" content=\"https:\/\/defisatsolar.be\/wp-content\/uploads\/2023\/04\/Logo-Defisat-Solar-NV-square.jpg\" \/>\n\t<meta property=\"og:image:width\" content=\"1634\" \/>\n\t<meta property=\"og:image:height\" content=\"1634\" \/>\n\t<meta property=\"og:image:type\" content=\"image\/jpeg\" \/>\n<meta name=\"twitter:card\" content=\"summary_large_image\" \/>\n<meta name=\"twitter:label1\" content=\"Dur\u00e9e de lecture est.\" \/>\n\t<meta name=\"twitter:data1\" content=\"4 minutes\" \/>\n<script type=\"application\/ld+json\" class=\"yoast-schema-graph\">{\"@context\":\"https:\/\/schema.org\",\"@graph\":[{\"@type\":\"WebPage\",\"@id\":\"https:\/\/defisatsolar.be\/privacybeleid\/\",\"url\":\"https:\/\/defisatsolar.be\/privacybeleid\/\",\"name\":\"Privacybeleid - Defisat Solar\",\"isPartOf\":{\"@id\":\"https:\/\/defisatsolar.be\/#website\"},\"datePublished\":\"2023-06-16T12:43:14+00:00\",\"dateModified\":\"2023-06-30T14:42:12+00:00\",\"breadcrumb\":{\"@id\":\"https:\/\/defisatsolar.be\/privacybeleid\/#breadcrumb\"},\"inLanguage\":\"fr-BE\",\"potentialAction\":[{\"@type\":\"ReadAction\",\"target\":[\"https:\/\/defisatsolar.be\/privacybeleid\/\"]}]},{\"@type\":\"BreadcrumbList\",\"@id\":\"https:\/\/defisatsolar.be\/privacybeleid\/#breadcrumb\",\"itemListElement\":[{\"@type\":\"ListItem\",\"position\":1,\"name\":\"Accueil\",\"item\":\"https:\/\/defisatsolar.be\/\"},{\"@type\":\"ListItem\",\"position\":2,\"name\":\"Privacybeleid\"}]},{\"@type\":\"WebSite\",\"@id\":\"https:\/\/defisatsolar.be\/#website\",\"url\":\"https:\/\/defisatsolar.be\/\",\"name\":\"Defisat Solar NV\",\"description\":\"Uw partner in solar oplossingen\",\"publisher\":{\"@id\":\"https:\/\/defisatsolar.be\/#organization\"},\"potentialAction\":[{\"@type\":\"SearchAction\",\"target\":{\"@type\":\"EntryPoint\",\"urlTemplate\":\"https:\/\/defisatsolar.be\/?s={search_term_string}\"},\"query-input\":{\"@type\":\"PropertyValueSpecification\",\"valueRequired\":true,\"valueName\":\"search_term_string\"}}],\"inLanguage\":\"fr-BE\"},{\"@type\":\"Organization\",\"@id\":\"https:\/\/defisatsolar.be\/#organization\",\"name\":\"Defisat Solar NV\",\"url\":\"https:\/\/defisatsolar.be\/\",\"logo\":{\"@type\":\"ImageObject\",\"inLanguage\":\"fr-BE\",\"@id\":\"https:\/\/defisatsolar.be\/#\/schema\/logo\/image\/\",\"url\":\"https:\/\/defisatsolar.be\/wp-content\/uploads\/2023\/04\/Logo-Defisat-Solar-NV-square.jpg\",\"contentUrl\":\"https:\/\/defisatsolar.be\/wp-content\/uploads\/2023\/04\/Logo-Defisat-Solar-NV-square.jpg\",\"width\":1634,\"height\":1634,\"caption\":\"Defisat Solar NV\"},\"image\":{\"@id\":\"https:\/\/defisatsolar.be\/#\/schema\/logo\/image\/\"}}]}<\/script>\n<!-- \/ Yoast SEO plugin. -->","yoast_head_json":{"title":"Privacybeleid - Defisat Solar","robots":{"index":"index","follow":"follow","max-snippet":"max-snippet:-1","max-image-preview":"max-image-preview:large","max-video-preview":"max-video-preview:-1"},"canonical":"https:\/\/defisatsolar.be\/fr\/privacybeleid\/","og_locale":"fr_FR","og_type":"article","og_title":"Privacybeleid - Defisat Solar","og_description":"&nbsp","og_url":"https:\/\/defisatsolar.be\/fr\/privacybeleid\/","og_site_name":"Defisat Solar","article_modified_time":"2023-06-30T14:42:12+00:00","og_image":[{"width":1634,"height":1634,"url":"https:\/\/defisatsolar.be\/wp-content\/uploads\/2023\/04\/Logo-Defisat-Solar-NV-square.jpg","type":"image\/jpeg"}],"twitter_card":"summary_large_image","twitter_misc":{"Dur\u00e9e de lecture est.":"4 minutes"},"schema":{"@context":"https:\/\/schema.org","@graph":[{"@type":"WebPage","@id":"https:\/\/defisatsolar.be\/privacybeleid\/","url":"https:\/\/defisatsolar.be\/privacybeleid\/","name":"Privacybeleid - Defisat Solar","isPartOf":{"@id":"https:\/\/defisatsolar.be\/#website"},"datePublished":"2023-06-16T12:43:14+00:00","dateModified":"2023-06-30T14:42:12+00:00","breadcrumb":{"@id":"https:\/\/defisatsolar.be\/privacybeleid\/#breadcrumb"},"inLanguage":"fr-BE","potentialAction":[{"@type":"ReadAction","target":["https:\/\/defisatsolar.be\/privacybeleid\/"]}]},{"@type":"BreadcrumbList","@id":"https:\/\/defisatsolar.be\/privacybeleid\/#breadcrumb","itemListElement":[{"@type":"ListItem","position":1,"name":"Accueil","item":"https:\/\/defisatsolar.be\/"},{"@type":"ListItem","position":2,"name":"Privacybeleid"}]},{"@type":"WebSite","@id":"https:\/\/defisatsolar.be\/#website","url":"https:\/\/defisatsolar.be\/","name":"Defisat Solar NV","description":"Uw partner in solar oplossingen","publisher":{"@id":"https:\/\/defisatsolar.be\/#organization"},"potentialAction":[{"@type":"SearchAction","target":{"@type":"EntryPoint","urlTemplate":"https:\/\/defisatsolar.be\/?s={search_term_string}"},"query-input":{"@type":"PropertyValueSpecification","valueRequired":true,"valueName":"search_term_string"}}],"inLanguage":"fr-BE"},{"@type":"Organization","@id":"https:\/\/defisatsolar.be\/#organization","name":"Defisat Solar NV","url":"https:\/\/defisatsolar.be\/","logo":{"@type":"ImageObject","inLanguage":"fr-BE","@id":"https:\/\/defisatsolar.be\/#\/schema\/logo\/image\/","url":"https:\/\/defisatsolar.be\/wp-content\/uploads\/2023\/04\/Logo-Defisat-Solar-NV-square.jpg","contentUrl":"https:\/\/defisatsolar.be\/wp-content\/uploads\/2023\/04\/Logo-Defisat-Solar-NV-square.jpg","width":1634,"height":1634,"caption":"Defisat Solar NV"},"image":{"@id":"https:\/\/defisatsolar.be\/#\/schema\/logo\/image\/"}}]}},"_links":{"self":[{"href":"https:\/\/defisatsolar.be\/fr\/wp-json\/wp\/v2\/pages\/907","targetHints":{"allow":["GET"]}}],"collection":[{"href":"https:\/\/defisatsolar.be\/fr\/wp-json\/wp\/v2\/pages"}],"about":[{"href":"https:\/\/defisatsolar.be\/fr\/wp-json\/wp\/v2\/types\/page"}],"author":[{"embeddable":true,"href":"https:\/\/defisatsolar.be\/fr\/wp-json\/wp\/v2\/users\/2"}],"replies":[{"embeddable":true,"href":"https:\/\/defisatsolar.be\/fr\/wp-json\/wp\/v2\/comments?post=907"}],"version-history":[{"count":3,"href":"https:\/\/defisatsolar.be\/fr\/wp-json\/wp\/v2\/pages\/907\/revisions"}],"predecessor-version":[{"id":948,"href":"https:\/\/defisatsolar.be\/fr\/wp-json\/wp\/v2\/pages\/907\/revisions\/948"}],"wp:attachment":[{"href":"https:\/\/defisatsolar.be\/fr\/wp-json\/wp\/v2\/media?parent=907"}],"curies":[{"name":"wp","href":"https:\/\/api.w.org\/{rel}","templated":true}]}}